{"id":9474,"date":"2022-11-07T17:11:48","date_gmt":"2022-11-07T17:11:48","guid":{"rendered":"https:\/\/constantinianorder.charity\/crowdfunding-for-hope-and-help-moldova-2022\/"},"modified":"2026-04-22T09:27:50","modified_gmt":"2026-04-22T09:27:50","slug":"activite-de-crowdfunding-en-faveur-de-hope-and-help","status":"publish","type":"page","link":"https:\/\/constantinianorder.charity\/fr\/activite-de-crowdfunding-en-faveur-de-hope-and-help\/","title":{"rendered":"Activit\u00e9 de crowdfunding en faveur de Hope and Help"},"content":{"rendered":"<p>[vc_row css=\u00a0\u00bb.vc_custom_1642778556211{margin-top: -80px !important;margin-bottom: 0px !important;border-bottom-width: 0px !important;padding-top: 0px !important;padding-bottom: 0px !important;}\u00a0\u00bb][vc_column][vc_empty_space][vc_column_text]<\/p>\n<h2 style=\"text-align: center;\"><em>Hope &amp; Help &#8211; Speran\u021b\u0103 \u0219i Ajutor<\/em><\/h2>\n<h1 style=\"text-align: center;\">Plus de chaleur pour No\u00ebl<\/h1>\n<h3 style=\"text-align: center;\">(Moldavie, Novembre \u2013 D\u00e9cembre 2022)<\/h3>\n<p>[\/vc_column_text][\/vc_column][\/vc_row][vc_row disable_element=\u00a0\u00bbyes\u00a0\u00bb css=\u00a0\u00bb.vc_custom_1646314891969{margin-top: -80px !important;padding-top: 0px !important;}\u00a0\u00bb][vc_column][vc_column_text]<\/p>\n<h3 style=\"text-align: center;\"><em>Sbalorditi dalla crisi internazionale che sta sconvolgendo le vite di milioni di abitanti in Ucraina e dalle sue drammatiche conseguenze umanitarie!<\/em><\/h3>\n<p>[\/vc_column_text][\/vc_column][\/vc_row][vc_row css=\u00a0\u00bb.vc_custom_1642783907180{margin-top: -80px !important;padding-top: 0px !important;}\u00a0\u00bb][vc_column][vc_column_text]Donner de la chaleur aux personnes les plus faibles et les plus d\u00e9munies. \u201cPlus de chaleur pour No\u00ebl \u201d: voil\u00e0 le nom du projet, soutenu par l\u2019Ordre Sacr\u00e9 et Militaire Constantinien de Saint-Georges et parrain\u00e9 par l\u2019Union National Chevalier du M\u00e9rite de la R\u00e9publique Italienne, par la Coordination Op\u00e9rationnelle Nationale Interforces pour la Protection de l\u2019Environnement et avec l\u2019aide de ceux qui voudront participer, que l\u2019association Hope&amp;Help- Speran\u021b\u0103 \u0219i Ajutor veut mettre en \u0153uvre.<\/p>\n<p>Dans cette p\u00e9riode d\u2019incertitude, caus\u00e9e surtout par la situation internationale in\u00e9dite d\u00e9clench\u00e9e par le conflit Russie-Ukraine, les personnes plus \u201cfaibles\u201d (femmes, personnes \u00e2g\u00e9es et enfants) sont, comme d\u2019habitude, celles qui subissent les cons\u00e9quences et, sans aucune faute, s\u2019ajoutent aux milliers des personnes d\u00e9plac\u00e9es et r\u00e9fugi\u00e9es qui ont tout perdu, qui n\u2019ont plus que leur propre dignit\u00e9 et l\u2019espoir de pouvoir retourner \u00e0 vivre dans la normalit\u00e9.<\/p>\n<p>Dans ce sc\u00e9nario tr\u00e8s p\u00e9nible, Hope&amp;Help, avec l\u2019aide de vous tous, vise \u00e0 apporter un sourire, une aide r\u00e9elle, un peu de chaleur \u00e0 ces c\u0153urs gravement touch\u00e9s.<br \/>\nLes donations collect\u00e9es seront utilis\u00e9es pour:<\/p>\n<ol>\n<li>acheter des pellets \u00e0 distribuer aux d\u00e9munis pour surmonter l\u2019hiver;<\/li>\n<li>acheter des petits sac-cadeaux \u00e0 distribuer aux enfants dans les \u00e9coles maternelles et dans les centres d\u2019accueil pour enfants orphelins pendant les vacances de No\u00ebl;<\/li>\n<li>acheter des produits de premi\u00e8re n\u00e9cessit\u00e9 (denr\u00e9es alimentaires de longue conservation, produits param\u00e9dicaux et d\u2019hygi\u00e8ne, etc.) \u00e0 distribuer aux plus faibles;<\/li>\n<li>r\u00e9aliser le premier petit terrain de jeu et lieu de rencontre pour les personnes \u00e2g\u00e9es o\u00f9 les enfants peuvent \u00eatre heureux de jouer et les a\u00een\u00e9s de leur tenir compagnie, sur une surface d\u00e9j\u00e0 identifi\u00e9e d&rsquo;environ 250 m\u00e8tres carr\u00e9s, dans le village de Ghioltosu.<\/li>\n<\/ol>\n<p>L&rsquo;association \u00e0 but non lucratif Hope&amp;Help &#8211; Speran\u021b\u0103 \u0219i Ajutor, est bas\u00e9e en R\u00e9publique de Moldavie, dans le district de Cantemir. Fond\u00e9e en d\u00e9cembre 2021, elle s&rsquo;est d\u00e9j\u00e0 distingu\u00e9e par son engagement \u00e0 soutenir les plus d\u00e9favoris\u00e9s en apportant un soutien direct \u00e0 plus de 2000 personnes, principalement des femmes et des enfants fuyant les territoires touch\u00e9s par la guerre. Depuis sa fondation, elle a toujours collabor\u00e9 avec plusieurs associations en Italie et \u00e0 l&rsquo;\u00e9tranger.[\/vc_column_text][vc_row_inner][vc_column_inner width=\u00a0\u00bb1\/3&Prime;][\/vc_column_inner][vc_column_inner width=\u00a0\u00bb1\/3&Prime;][vc_single_image image=\u00a0\u00bb9286&Prime; alignment=\u00a0\u00bbcenter\u00a0\u00bb][\/vc_column_inner][vc_column_inner width=\u00a0\u00bb1\/3&Prime;][\/vc_column_inner][\/vc_row_inner][\/vc_column][\/vc_row][vc_row custom_background=\u00a0\u00bbbg-theme\u00a0\u00bb css=\u00a0\u00bb.vc_custom_1667586478183{margin-top: -50px !important;border-top-width: -80px !important;}\u00a0\u00bb][vc_column][gva_block_heading title=\u00a0\u00bbUNE AIDE CONCR\u00c8TE\u00a0\u00bb style_text=\u00a0\u00bbtext-light\u00a0\u00bb desc=\u00a0\u00bbDonec id elit non mi porta gravida at eget metus lorem ipsum dolor.\u00a0\u00bb][\/gva_block_heading][vc_row_inner][vc_column_inner width=\u00a0\u00bb1\/3&Prime;][gva_icon_box title=\u00a0\u00bbPOUR QUI?\u00a0\u00bb description=\u00a0\u00bbPour les familles et toute personne impliqu\u00e9e dans la crise humanitaire en Ukraine et Moldovie\u00a0\u00bb icon_position=\u00a0\u00bbtop-center v2&Prime; icon_width=\u00a0\u00bbfa-2x\u00a0\u00bb icon_border=\u00a0\u00bbborder-1&Prime; icon_radius=\u00a0\u00bbradius-5x\u00a0\u00bb skin_text=\u00a0\u00bbtext-light\u00a0\u00bb icon_color=\u00a0\u00bb#000&Prime; image=\u00a0\u00bb8721&Prime; icon_background=\u00a0\u00bb#fff\u00a0\u00bb][\/vc_column_inner][vc_column_inner width=\u00a0\u00bb1\/3&Prime;][gva_icon_box title=\u00a0\u00bbQU&rsquo;APPORTE LE PROJET?\u00a0\u00bb description=\u00a0\u00bbAchat de biens de premi\u00e8re n\u00e9cessit\u00e9 et livraison directe dans les zones les plus n\u00e9cessiteuses\u00a0\u00bb icon_position=\u00a0\u00bbtop-center v2&Prime; icon_width=\u00a0\u00bbfa-2x\u00a0\u00bb skin_text=\u00a0\u00bbtext-light\u00a0\u00bb icon_color=\u00a0\u00bb#FFA600&Prime; image=\u00a0\u00bb8725&Prime;][\/vc_column_inner][vc_column_inner width=\u00a0\u00bb1\/3&Prime;][gva_icon_box title=\u00a0\u00bbQU&rsquo;EST-CE QU\u2019EST OFFERT?\u00a0\u00bb description=\u00a0\u00bbPellets, sachets cadeaux, produits de premi\u00e8re n\u00e9cessit\u00e9\u00a0\u00bb icon_position=\u00a0\u00bbtop-center v2&Prime; icon_width=\u00a0\u00bbfa-2x\u00a0\u00bb skin_text=\u00a0\u00bbtext-light\u00a0\u00bb icon_color=\u00a0\u00bb#FFA600&Prime; image=\u00a0\u00bb8717&Prime;][\/vc_column_inner][\/vc_row_inner][\/vc_column][\/vc_row][vc_row disable_element=\u00a0\u00bbyes\u00a0\u00bb][vc_column][gva_block_heading title=\u00a0\u00bbSOUTIENS LA COLLECTE DE FONDS\u00a0\u00bb desc=\u00a0\u00bbDonec id elit non mi porta gravida at eget metus lorem ipsum dolor.\u00a0\u00bb]<\/p>\n<h3 style=\"text-align: center;\">Aide-nous \u00e0 soutenir ces personnes en grande difficult\u00e9.<\/h3>\n<h2 style=\"text-align: center;\"><strong>MERCI!<\/strong><\/h2>\n<p>[\/gva_block_heading][vc_column_text]<\/p>\n<h1 style=\"text-align: center;\"><span style=\"color: #ff6600;\">[give_totals ids=\u00a0\u00bb9290,9373,9472,9481&Prime; message= \u00ab\u00a0Collect\u00e9s:\u00a0 {total}\u00a0\u00bb progress_bar=\u00a0\u00bbfalse\u00a0\u00bb]<\/span><\/h1>\n<p>[\/vc_column_text][\/vc_column][\/vc_row][vc_row custom_background=\u00a0\u00bbbg-theme\u00a0\u00bb lvca_dark_bg=\u00a0\u00bbtrue\u00a0\u00bb][vc_column width=\u00a0\u00bb1\/3&Prime;][vc_single_image image=\u00a0\u00bb9276&Prime; img_size=\u00a0\u00bblarge\u00a0\u00bb alignment=\u00a0\u00bbcenter\u00a0\u00bb css=\u00a0\u00bb.vc_custom_1667584136258{padding-top: 1px !important;padding-right: 1px !important;padding-bottom: 1px !important;padding-left: 1px !important;}\u00a0\u00bb][\/vc_column][vc_column width=\u00a0\u00bb1\/3&Prime;][vc_single_image image=\u00a0\u00bb9266&Prime; img_size=\u00a0\u00bblarge\u00a0\u00bb alignment=\u00a0\u00bbcenter\u00a0\u00bb css=\u00a0\u00bb.vc_custom_1667583519244{padding-top: 1px !important;padding-right: 1px !important;padding-bottom: 1px !important;padding-left: 1px !important;}\u00a0\u00bb][\/vc_column][vc_column width=\u00a0\u00bb1\/3&Prime;][vc_single_image image=\u00a0\u00bb9281&Prime; img_size=\u00a0\u00bblarge\u00a0\u00bb alignment=\u00a0\u00bbcenter\u00a0\u00bb css=\u00a0\u00bb.vc_custom_1667584282807{padding-top: 1px !important;padding-right: 1px !important;padding-bottom: 1px !important;padding-left: 1px !important;}\u00a0\u00bb][\/vc_column][\/vc_row]<\/p>\n","protected":false},"excerpt":{"rendered":"<p>[vc_row css=\u00a0\u00bb.vc_custom_1642778556211{margin-top: -80px !important;margin-bottom: 0px !important;border-bottom-width: 0px !important;padding-top: 0px !important;padding-bottom: 0px !important;}\u00a0\u00bb][vc_column][vc_empty_space][vc_column_text] Hope &amp; Help &#8211; Speran\u021b\u0103 \u0219i Ajutor Plus de chaleur pour No\u00ebl (Moldavie, Novembre \u2013 D\u00e9cembre 2022) [\/vc_column_text][\/vc_column][\/vc_row][vc_row disable_element=\u00a0\u00bbyes\u00a0\u00bb css=\u00a0\u00bb.vc_custom_1646314891969{margin-top: -80px !important;padding-top: 0px !important;}\u00a0\u00bb][vc_column][vc_column_text] Sbalorditi dalla crisi internazionale che sta sconvolgendo le vite di milioni di abitanti in Ucraina e dalle sue drammatiche conseguenze umanitarie! [\/vc_column_text][\/vc_column][\/vc_row][vc_row css=\u00a0\u00bb.vc_custom_1642783907180{margin-top: -80px !important;padding-top: 0px !important;}\u00a0\u00bb][vc_column][vc_column_text]Donner de la chaleur aux personnes les plus faibles et les plus d\u00e9munies. \u201cPlus de chaleur pour No\u00ebl \u201d: voil\u00e0 le nom du projet, soutenu par l\u2019Ordre Sacr\u00e9 et Militaire Constantinien de Saint-Georges et parrain\u00e9 par l\u2019Union National Chevalier du M\u00e9rite de la R\u00e9publique Italienne, par la Coordination Op\u00e9rationnelle Nationale Interforces pour la Protection de l\u2019Environnement et avec l\u2019aide de ceux qui voudront participer, que l\u2019association Hope&amp;Help- Speran\u021b\u0103 \u0219i Ajutor veut mettre en \u0153uvre. Dans cette p\u00e9riode d\u2019incertitude, caus\u00e9e surtout par la situation internationale in\u00e9dite d\u00e9clench\u00e9e par le conflit Russie-Ukraine, les personnes plus \u201cfaibles\u201d (femmes, personnes \u00e2g\u00e9es et enfants) sont, comme d\u2019habitude, celles qui subissent les cons\u00e9quences et, sans aucune faute, s\u2019ajoutent aux milliers des personnes d\u00e9plac\u00e9es et r\u00e9fugi\u00e9es qui ont tout perdu, qui n\u2019ont plus que leur propre dignit\u00e9 et l\u2019espoir de pouvoir retourner \u00e0 vivre dans la normalit\u00e9. Dans ce sc\u00e9nario tr\u00e8s p\u00e9nible, Hope&amp;Help, avec l\u2019aide de vous tous, vise \u00e0 apporter un sourire, une aide r\u00e9elle, un peu de chaleur \u00e0 ces c\u0153urs gravement touch\u00e9s. Les donations collect\u00e9es seront utilis\u00e9es pour: acheter des pellets \u00e0 distribuer aux d\u00e9munis pour surmonter l\u2019hiver; acheter des petits sac-cadeaux [&hellip;]<\/p>\n","protected":false},"author":1,"featured_media":0,"parent":0,"menu_order":0,"comment_status":"closed","ping_status":"closed","template":"","meta":{"footnotes":""},"class_list":["post-9474","page","type-page","status-publish","hentry"],"_links":{"self":[{"href":"https:\/\/constantinianorder.charity\/fr\/wp-json\/wp\/v2\/pages\/9474"}],"collection":[{"href":"https:\/\/constantinianorder.charity\/fr\/wp-json\/wp\/v2\/pages"}],"about":[{"href":"https:\/\/constantinianorder.charity\/fr\/wp-json\/wp\/v2\/types\/page"}],"author":[{"embeddable":true,"href":"https:\/\/constantinianorder.charity\/fr\/wp-json\/wp\/v2\/users\/1"}],"replies":[{"embeddable":true,"href":"https:\/\/constantinianorder.charity\/fr\/wp-json\/wp\/v2\/comments?post=9474"}],"version-history":[{"count":8,"href":"https:\/\/constantinianorder.charity\/fr\/wp-json\/wp\/v2\/pages\/9474\/revisions"}],"predecessor-version":[{"id":10134,"href":"https:\/\/constantinianorder.charity\/fr\/wp-json\/wp\/v2\/pages\/9474\/revisions\/10134"}],"wp:attachment":[{"href":"https:\/\/constantinianorder.charity\/fr\/wp-json\/wp\/v2\/media?parent=9474"}],"curies":[{"name":"wp","href":"https:\/\/api.w.org\/{rel}","templated":true}]}}