{"id":8916,"date":"2022-03-01T16:00:16","date_gmt":"2022-03-01T16:00:16","guid":{"rendered":"https:\/\/constantinianorder.charity\/attivita-crowdfunding-a-favore-della-popolazione-ucraina-2022\/"},"modified":"2024-10-16T16:41:45","modified_gmt":"2024-10-16T16:41:45","slug":"activite-de-collecte-de-fonds-pour-la-population-ukrainienne-2022","status":"publish","type":"page","link":"https:\/\/constantinianorder.charity\/fr\/activite-de-collecte-de-fonds-pour-la-population-ukrainienne-2022\/","title":{"rendered":"Activit\u00e9 de collecte de fonds pour la population ukrainienne 2022"},"content":{"rendered":"<p>[vc_row css=\u00a0\u00bb.vc_custom_1642778556211{margin-top: -80px !important;margin-bottom: 0px !important;border-bottom-width: 0px !important;padding-top: 0px !important;padding-bottom: 0px !important;}\u00a0\u00bb][vc_column][vc_empty_space][vc_column_text]<\/p>\n<h1 style=\"text-align: center;\"><em>Crise humanitaire en Ukraine<\/em><\/h1>\n<h3 style=\"text-align: center;\">(Mars -Juin 2022)<\/h3>\n<p>[\/vc_column_text][\/vc_column][\/vc_row][vc_row disable_element=\u00a0\u00bbyes\u00a0\u00bb css=\u00a0\u00bb.vc_custom_1646314891969{margin-top: -80px !important;padding-top: 0px !important;}\u00a0\u00bb][vc_column][vc_column_text]<\/p>\n<h3 style=\"text-align: center;\"><em>Sbalorditi dalla crisi internazionale che sta sconvolgendo le vite di milioni di abitanti in Ucraina e dalle sue drammatiche conseguenze umanitarie!<\/em><\/h3>\n<p>[\/vc_column_text][\/vc_column][\/vc_row][vc_row css=\u00a0\u00bb.vc_custom_1642783907180{margin-top: -80px !important;padding-top: 0px !important;}\u00a0\u00bb][vc_column][vc_column_text]\u00c0 la lumi\u00e8re de la crise humanitaire en Ukraine, S.A.R. le Prince Charles de Bourbon des Deux Siciles, Duc de Castro, Chef de la Maison Royale et Grand Ma\u00eetre des Ordres Dynastiques, a d\u00e9cid\u00e9 de lancer une collecte de fonds pour la population ukrainienne, en tenant compte des indications du Minist\u00e8re des Affaires Etrang\u00e8res italien et dans le respect des priorit\u00e9s indiqu\u00e9es par les autorit\u00e9s ukrainiennes.<\/p>\n<p>Ceux qui souhaitent contribuer avec une offre peuvent utiliser le formulaire qui se trouve ici.<\/p>\n<p>Les biens acquis gr\u00e2ce aux donations re\u00e7ues seront livr\u00e9s \u00e0 travers le soutien logistique apport\u00e9 par le Minist\u00e8re des Affaires Etrang\u00e8res; cela permettra de remettre ces aides dans les r\u00e9gions qui en ont le plus besoin.<\/p>\n<p>[\/vc_column_text][\/vc_column][\/vc_row][vc_row custom_background=\u00a0\u00bbbg-theme\u00a0\u00bb css=\u00a0\u00bb.vc_custom_1642785748421{border-top-width: -80px !important;}\u00a0\u00bb][vc_column][gva_block_heading title=\u00a0\u00bbUNE AIDE CONCR\u00c8TE\u00a0\u00bb style_text=\u00a0\u00bbtext-light\u00a0\u00bb desc=\u00a0\u00bbDonec id elit non mi porta gravida at eget metus lorem ipsum dolor.\u00a0\u00bb][\/gva_block_heading][vc_row_inner][vc_column_inner width=\u00a0\u00bb1\/3&Prime;][gva_icon_box title=\u00a0\u00bbPOUR QUI?\u00a0\u00bb description=\u00a0\u00bbPour les familles et toute personne impliqu\u00e9e dans la crise humanitaire en Ukraine\u00a0\u00bb icon_position=\u00a0\u00bbtop-center v2&Prime; icon_width=\u00a0\u00bbfa-2x\u00a0\u00bb icon_border=\u00a0\u00bbborder-1&Prime; icon_radius=\u00a0\u00bbradius-5x\u00a0\u00bb skin_text=\u00a0\u00bbtext-light\u00a0\u00bb icon_color=\u00a0\u00bb#000&Prime; image=\u00a0\u00bb8721&Prime; icon_background=\u00a0\u00bb#fff\u00a0\u00bb][\/vc_column_inner][vc_column_inner width=\u00a0\u00bb1\/3&Prime;][gva_icon_box title=\u00a0\u00bbQU&rsquo;APPORTE LE PROJET?\u00a0\u00bb description=\u00a0\u00bbAchat de biens de premi\u00e8re n\u00e9cessit\u00e9 et livraison directe dans les zones les plus n\u00e9cessiteuses\u00a0\u00bb icon_position=\u00a0\u00bbtop-center v2&Prime; icon_width=\u00a0\u00bbfa-2x\u00a0\u00bb skin_text=\u00a0\u00bbtext-light\u00a0\u00bb icon_color=\u00a0\u00bb#FFA600&Prime; image=\u00a0\u00bb8725&Prime;][\/vc_column_inner][vc_column_inner width=\u00a0\u00bb1\/3&Prime;][gva_icon_box title=\u00a0\u00bbQU&rsquo;EST-CE QU\u2019EST OFFERT?\u00a0\u00bb description=\u00a0\u00bbDes biens identifi\u00e9s selon les priorit\u00e9s indiqu\u00e9es par les Autorit\u00e9s ukrainiennes au Gouvernement italien\u00a0\u00bb icon_position=\u00a0\u00bbtop-center v2&Prime; icon_width=\u00a0\u00bbfa-2x\u00a0\u00bb skin_text=\u00a0\u00bbtext-light\u00a0\u00bb icon_color=\u00a0\u00bb#FFA600&Prime; image=\u00a0\u00bb8717&Prime;][\/vc_column_inner][\/vc_row_inner][\/vc_column][\/vc_row][vc_row disable_element=\u00a0\u00bbyes\u00a0\u00bb][vc_column][vc_column_text]<\/p>\n<h1 style=\"text-align: center;\"><span style=\"color: #ff6600;\">[give_totals ids=\u00a0\u00bb8670,8683,8907,8956&Prime; message= \u00ab\u00a0Collect\u00e9s:\u00a0 {total}\u00a0\u00bb progress_bar=\u00a0\u00bbfalse\u00a0\u00bb]<\/span><\/h1>\n<p>[\/vc_column_text][gva_block_heading title=\u00a0\u00bbMERCI!\u00a0\u00bb desc=\u00a0\u00bbDonec id elit non mi porta gravida at eget metus lorem ipsum dolor.\u00a0\u00bb][\/gva_block_heading][\/vc_column][\/vc_row][vc_row custom_background=\u00a0\u00bbbg-theme\u00a0\u00bb lvca_dark_bg=\u00a0\u00bbtrue\u00a0\u00bb][vc_column width=\u00a0\u00bb1\/3&Prime;][vc_single_image image=\u00a0\u00bb9335&Prime; img_size=\u00a0\u00bblarge\u00a0\u00bb alignment=\u00a0\u00bbcenter\u00a0\u00bb css=\u00a0\u00bb.vc_custom_1667929778337{padding-top: 1px !important;padding-right: 1px !important;padding-bottom: 1px !important;padding-left: 1px !important;}\u00a0\u00bb][\/vc_column][vc_column width=\u00a0\u00bb1\/3&Prime;][vc_single_image image=\u00a0\u00bb9315&Prime; img_size=\u00a0\u00bblarge\u00a0\u00bb alignment=\u00a0\u00bbcenter\u00a0\u00bb css=\u00a0\u00bb.vc_custom_1667929795926{padding-top: 1px !important;padding-right: 1px !important;padding-bottom: 1px !important;padding-left: 1px !important;}\u00a0\u00bb][\/vc_column][vc_column width=\u00a0\u00bb1\/3&Prime;][vc_single_image image=\u00a0\u00bb9343&Prime; img_size=\u00a0\u00bblarge\u00a0\u00bb alignment=\u00a0\u00bbcenter\u00a0\u00bb css=\u00a0\u00bb.vc_custom_1667929814216{padding-top: 1px !important;padding-right: 1px !important;padding-bottom: 1px !important;padding-left: 1px !important;}\u00a0\u00bb][\/vc_column][\/vc_row][vc_row custom_background=\u00a0\u00bbbg-theme\u00a0\u00bb lvca_dark_bg=\u00a0\u00bbtrue\u00a0\u00bb css=\u00a0\u00bb.vc_custom_1667929739344{margin-top: -130px !important;}\u00a0\u00bb][vc_column width=\u00a0\u00bb1\/3&Prime;][vc_single_image image=\u00a0\u00bb9206&Prime; img_size=\u00a0\u00bblarge\u00a0\u00bb alignment=\u00a0\u00bbcenter\u00a0\u00bb css=\u00a0\u00bb.vc_custom_1667929833064{padding-top: 1px !important;padding-right: 1px !important;padding-bottom: 1px !important;padding-left: 1px !important;}\u00a0\u00bb][\/vc_column][vc_column width=\u00a0\u00bb1\/3&Prime;][vc_single_image image=\u00a0\u00bb9339&Prime; img_size=\u00a0\u00bblarge\u00a0\u00bb alignment=\u00a0\u00bbcenter\u00a0\u00bb css=\u00a0\u00bb.vc_custom_1667929850680{padding-top: 1px !important;padding-right: 1px !important;padding-bottom: 1px !important;padding-left: 1px !important;}\u00a0\u00bb][\/vc_column][vc_column width=\u00a0\u00bb1\/3&Prime;][vc_single_image image=\u00a0\u00bb9210&Prime; img_size=\u00a0\u00bblarge\u00a0\u00bb alignment=\u00a0\u00bbcenter\u00a0\u00bb css=\u00a0\u00bb.vc_custom_1667929874697{padding-top: 1px !important;padding-right: 1px !important;padding-bottom: 1px !important;padding-left: 1px !important;}\u00a0\u00bb][\/vc_column][\/vc_row][vc_row custom_background=\u00a0\u00bbbg-theme\u00a0\u00bb lvca_dark_bg=\u00a0\u00bbtrue\u00a0\u00bb css=\u00a0\u00bb.vc_custom_1667929739344{margin-top: -130px !important;}\u00a0\u00bb][vc_column width=\u00a0\u00bb1\/3&Prime;][vc_single_image image=\u00a0\u00bb9214&Prime; img_size=\u00a0\u00bblarge\u00a0\u00bb alignment=\u00a0\u00bbcenter\u00a0\u00bb css=\u00a0\u00bb.vc_custom_1667929894086{padding-top: 1px !important;padding-right: 1px !important;padding-bottom: 1px !important;padding-left: 1px !important;}\u00a0\u00bb][\/vc_column][vc_column width=\u00a0\u00bb1\/3&Prime;][vc_single_image image=\u00a0\u00bb9327&Prime; img_size=\u00a0\u00bblarge\u00a0\u00bb alignment=\u00a0\u00bbcenter\u00a0\u00bb css=\u00a0\u00bb.vc_custom_1667929910654{padding-top: 1px !important;padding-right: 1px !important;padding-bottom: 1px !important;padding-left: 1px !important;}\u00a0\u00bb][\/vc_column][vc_column width=\u00a0\u00bb1\/3&Prime;][vc_single_image image=\u00a0\u00bb9218&Prime; img_size=\u00a0\u00bblarge\u00a0\u00bb alignment=\u00a0\u00bbcenter\u00a0\u00bb css=\u00a0\u00bb.vc_custom_1667929930209{padding-top: 1px !important;padding-right: 1px !important;padding-bottom: 1px !important;padding-left: 1px !important;}\u00a0\u00bb][\/vc_column][\/vc_row][vc_row][vc_column width=\u00a0\u00bb1\/4&Prime;][\/vc_column][vc_column width=\u00a0\u00bb1\/12&Prime; offset=\u00a0\u00bbvc_hidden-lg vc_hidden-md vc_hidden-sm vc_hidden-xs\u00a0\u00bb][gva_block_heading title=\u00a0\u00bbSoutiens-nous!\u00a0\u00bb icon=\u00a0\u00bbgv-icon-619&Prime; align=\u00a0\u00bbalign-left-2&Prime;][\/gva_block_heading][vc_column_text][give_form id=\u00a0\u00bb8907&Prime;][\/vc_column_text][\/vc_column][vc_column width=\u00a0\u00bb1\/4&Prime;][\/vc_column][\/vc_row]<\/p>\n","protected":false},"excerpt":{"rendered":"<p>[vc_row css=\u00a0\u00bb.vc_custom_1642778556211{margin-top: -80px !important;margin-bottom: 0px !important;border-bottom-width: 0px !important;padding-top: 0px !important;padding-bottom: 0px !important;}\u00a0\u00bb][vc_column][vc_empty_space][vc_column_text] Crise humanitaire en Ukraine (Mars -Juin 2022) [\/vc_column_text][\/vc_column][\/vc_row][vc_row disable_element=\u00a0\u00bbyes\u00a0\u00bb css=\u00a0\u00bb.vc_custom_1646314891969{margin-top: -80px !important;padding-top: 0px !important;}\u00a0\u00bb][vc_column][vc_column_text] Sbalorditi dalla crisi internazionale che sta sconvolgendo le vite di milioni di abitanti in Ucraina e dalle sue drammatiche conseguenze umanitarie! [\/vc_column_text][\/vc_column][\/vc_row][vc_row css=\u00a0\u00bb.vc_custom_1642783907180{margin-top: -80px !important;padding-top: 0px !important;}\u00a0\u00bb][vc_column][vc_column_text]\u00c0 la lumi\u00e8re de la crise humanitaire en Ukraine, S.A.R. le Prince Charles de Bourbon des Deux Siciles, Duc de Castro, Chef de la Maison Royale et Grand Ma\u00eetre des Ordres Dynastiques, a d\u00e9cid\u00e9 de lancer une collecte de fonds pour la population ukrainienne, en tenant compte des indications du Minist\u00e8re des Affaires Etrang\u00e8res italien et dans le respect des priorit\u00e9s indiqu\u00e9es par les autorit\u00e9s ukrainiennes. Ceux qui souhaitent contribuer avec une offre peuvent utiliser le formulaire qui se trouve ici. Les biens acquis gr\u00e2ce aux donations re\u00e7ues seront livr\u00e9s \u00e0 travers le soutien logistique apport\u00e9 par le Minist\u00e8re des Affaires Etrang\u00e8res; cela permettra de remettre ces aides dans les r\u00e9gions qui en ont le plus besoin. [\/vc_column_text][\/vc_column][\/vc_row][vc_row custom_background=\u00a0\u00bbbg-theme\u00a0\u00bb css=\u00a0\u00bb.vc_custom_1642785748421{border-top-width: -80px !important;}\u00a0\u00bb][vc_column][gva_block_heading title=\u00a0\u00bbUNE AIDE CONCR\u00c8TE\u00a0\u00bb style_text=\u00a0\u00bbtext-light\u00a0\u00bb desc=\u00a0\u00bbDonec id elit non mi porta gravida at eget metus lorem ipsum dolor.\u00a0\u00bb][\/gva_block_heading][vc_row_inner][vc_column_inner width=\u00a0\u00bb1\/3&Prime;][gva_icon_box title=\u00a0\u00bbPOUR QUI?\u00a0\u00bb description=\u00a0\u00bbPour les familles et toute personne impliqu\u00e9e dans la crise humanitaire en Ukraine\u00a0\u00bb icon_position=\u00a0\u00bbtop-center v2&Prime; icon_width=\u00a0\u00bbfa-2x\u00a0\u00bb icon_border=\u00a0\u00bbborder-1&Prime; icon_radius=\u00a0\u00bbradius-5x\u00a0\u00bb skin_text=\u00a0\u00bbtext-light\u00a0\u00bb icon_color=\u00a0\u00bb#000&Prime; image=\u00a0\u00bb8721&Prime; icon_background=\u00a0\u00bb#fff\u00a0\u00bb][\/vc_column_inner][vc_column_inner width=\u00a0\u00bb1\/3&Prime;][gva_icon_box title=\u00a0\u00bbQU&rsquo;APPORTE LE PROJET?\u00a0\u00bb description=\u00a0\u00bbAchat de biens de premi\u00e8re n\u00e9cessit\u00e9 et livraison directe dans les zones les plus n\u00e9cessiteuses\u00a0\u00bb icon_position=\u00a0\u00bbtop-center v2&Prime; icon_width=\u00a0\u00bbfa-2x\u00a0\u00bb skin_text=\u00a0\u00bbtext-light\u00a0\u00bb icon_color=\u00a0\u00bb#FFA600&Prime; image=\u00a0\u00bb8725&Prime;][\/vc_column_inner][vc_column_inner width=\u00a0\u00bb1\/3&Prime;][gva_icon_box title=\u00a0\u00bbQU&rsquo;EST-CE QU\u2019EST OFFERT?\u00a0\u00bb description=\u00a0\u00bbDes biens identifi\u00e9s selon les [&hellip;]<\/p>\n","protected":false},"author":1,"featured_media":0,"parent":0,"menu_order":0,"comment_status":"closed","ping_status":"closed","template":"","meta":{"footnotes":""},"class_list":["post-8916","page","type-page","status-publish","hentry"],"_links":{"self":[{"href":"https:\/\/constantinianorder.charity\/fr\/wp-json\/wp\/v2\/pages\/8916"}],"collection":[{"href":"https:\/\/constantinianorder.charity\/fr\/wp-json\/wp\/v2\/pages"}],"about":[{"href":"https:\/\/constantinianorder.charity\/fr\/wp-json\/wp\/v2\/types\/page"}],"author":[{"embeddable":true,"href":"https:\/\/constantinianorder.charity\/fr\/wp-json\/wp\/v2\/users\/1"}],"replies":[{"embeddable":true,"href":"https:\/\/constantinianorder.charity\/fr\/wp-json\/wp\/v2\/comments?post=8916"}],"version-history":[{"count":12,"href":"https:\/\/constantinianorder.charity\/fr\/wp-json\/wp\/v2\/pages\/8916\/revisions"}],"predecessor-version":[{"id":9982,"href":"https:\/\/constantinianorder.charity\/fr\/wp-json\/wp\/v2\/pages\/8916\/revisions\/9982"}],"wp:attachment":[{"href":"https:\/\/constantinianorder.charity\/fr\/wp-json\/wp\/v2\/media?parent=8916"}],"curies":[{"name":"wp","href":"https:\/\/api.w.org\/{rel}","templated":true}]}}