{"id":8640,"date":"2022-03-07T10:48:20","date_gmt":"2022-03-07T10:48:20","guid":{"rendered":"https:\/\/constantinianorder.charity\/?page_id=8640"},"modified":"2025-07-16T10:18:45","modified_gmt":"2025-07-16T10:18:45","slug":"qui-sommes-nous","status":"publish","type":"page","link":"https:\/\/constantinianorder.charity\/fr\/qui-sommes-nous\/","title":{"rendered":"QUI SOMMES NOUS"},"content":{"rendered":"<p>[vc_row][vc_column][vc_column_text css_animation=\u00a0\u00bbfadeIn\u00a0\u00bb]<\/p>\n<h2>QUI SOMMES NOUS<\/h2>\n<p>La <strong>FONDATION DE L&rsquo;ORDRE CONSTANTINIEN CHARIT\u00c9 ETS<\/strong> a \u00e9t\u00e9 cr\u00e9\u00e9e par S.A.R. le Prince Charles de Bourbon des Deux Siciles, en tant que Grand Ma\u00eetre de l&rsquo;Ordre Sacr\u00e9 Militaire et Constantinien de Saint-Georges, avec l&rsquo;intention de promouvoir la cr\u00e9ation d&rsquo;un fonds \u00e0 des fins d&rsquo;utilit\u00e9 publique et de solidarit\u00e9 sociale, et en particulier pour les activit\u00e9s caritatives et hospitali\u00e8res et d\u2019 Assistance sociale se r\u00e9f\u00e9rant \u00e0 des situations urgentes.<\/p>\n<p>D\u00e9nomination sociale : <strong>FONDAZIONE ORDINE COSTANTINIANO CHARITY ETS<\/strong><br \/>\nForme juridique : FONDAZIONE ETS<br \/>\nCode fiscal : 96610180588<br \/>\nSi\u00e8ge social : VIA GIOSUE&rsquo; CARDUCCI, 4 &#8211; 00187 ROMA<br \/>\nNum\u00e9ro d&rsquo;enregistrement R.U.N.T.S. LAZIO Rep. 145632<\/p>\n<p>L&rsquo;<strong>ORDRE MILITAIRE CONSTANTIN DE SAINT GEORGES<\/strong> avec sa Chancellerie \u00e0 Rome, via Giosu\u00e9 Carducci n.4 avec CF n.97109670584 est un Ordre Equestre dont les origines, par tradition, remontent \u00e0 l&rsquo;Empereur Constantin, apr\u00e8s l&rsquo;apparition de la Croce a Saxa Rubra (27 octobre 312 apr\u00e8s JC)\u202f; pour cela il est consid\u00e9r\u00e9 comme l&rsquo;un des plus anciens Ordres de chevalerie.<\/p>\n<p>L&rsquo;\u00c9tat italien a formellement reconnu la l\u00e9gitimit\u00e9 de l&rsquo;Ordre et, depuis 1963, autorise les citoyens italiens \u00e0 porter les d\u00e9corations d\u00e9cern\u00e9es par l&rsquo;Ordre conform\u00e9ment \u00e0 l&rsquo;art. 7 de la loi 178 du 3 mars 1951. L&rsquo;Ordre est \u00e9galement inscrit \u00e0 la Chancellerie du Tribunal de Naples au registre des personnes morales.<\/p>\n<p>Les Chevaliers de l&rsquo;Ordre peuvent faire partie de l&rsquo;Association Nationale des Chevaliers Constantiniens italiens (A.N.C.C.I.), \u00e9tablie en tant qu&rsquo;organisation \u00e0 but non lucratif par d\u00e9cret du Pr\u00e9sident de la R\u00e9publique du 30 mars 1973.<\/p>\n<p>Depuis le 1er ao\u00fbt 2011, l&rsquo;Ordre Constantinien jouit d&rsquo;un statut consultatif sp\u00e9cial aupr\u00e8s du Conseil \u00e9conomique et social de l&rsquo;Organisation des Nations Unies (ECOSOC-ONU).<\/p>\n<p>L&rsquo;Ordre, en s&rsquo;adaptant aux temps, souhaite aussi apporter sa plus grande contribution d&rsquo;action et d&rsquo;activit\u00e9 \u00e0 l\u2019assistance hospitali\u00e8re ainsi qu\u2019\u00e0 la charit\u00e9. Pour cela, dans la gestion des donations re\u00e7ues pour l&rsquo;exercice de ses propres activit\u00e9s caritatives, il utilise l&rsquo;Ordre Constantinien Charity Onlus.<\/p>\n<p>L&rsquo;Ordre Sacr\u00e9 Militaire et Constantinien de Saint-Georges est \u00e9galement un Ordre Dynastique appartenant \u00e0 la Famille Royale de Bourbon des Deux Siciles qui est actuellement dirig\u00e9e par S.A.R. le Prince Charles de Bourbon des Deux Siciles, qui occupe \u00e9galement le poste de Grand Ma\u00eetre de l&rsquo;Ordre et Gardien \/ Protecteur de l\u2019Ordre Charity Onlus.[\/vc_column_text][\/vc_column][\/vc_row]<\/p>\n","protected":false},"excerpt":{"rendered":"<p>[vc_row][vc_column][vc_column_text css_animation=\u00a0\u00bbfadeIn\u00a0\u00bb] QUI SOMMES NOUS La FONDATION DE L&rsquo;ORDRE CONSTANTINIEN CHARIT\u00c9 ETS a \u00e9t\u00e9 cr\u00e9\u00e9e par S.A.R. le Prince Charles de Bourbon des Deux Siciles, en tant que Grand Ma\u00eetre de l&rsquo;Ordre Sacr\u00e9 Militaire et Constantinien de Saint-Georges, avec l&rsquo;intention de promouvoir la cr\u00e9ation d&rsquo;un fonds \u00e0 des fins d&rsquo;utilit\u00e9 publique et de solidarit\u00e9 sociale, et en particulier pour les activit\u00e9s caritatives et hospitali\u00e8res et d\u2019 Assistance sociale se r\u00e9f\u00e9rant \u00e0 des situations urgentes. D\u00e9nomination sociale : FONDAZIONE ORDINE COSTANTINIANO CHARITY ETS Forme juridique : FONDAZIONE ETS Code fiscal : 96610180588 Si\u00e8ge social : VIA GIOSUE&rsquo; CARDUCCI, 4 &#8211; 00187 ROMA Num\u00e9ro d&rsquo;enregistrement R.U.N.T.S. LAZIO Rep. 145632 L&rsquo;ORDRE MILITAIRE CONSTANTIN DE SAINT GEORGES avec sa Chancellerie \u00e0 Rome, via Giosu\u00e9 Carducci n.4 avec CF n.97109670584 est un Ordre Equestre dont les origines, par tradition, remontent \u00e0 l&rsquo;Empereur Constantin, apr\u00e8s l&rsquo;apparition de la Croce a Saxa Rubra (27 octobre 312 apr\u00e8s JC)\u202f; pour cela il est consid\u00e9r\u00e9 comme l&rsquo;un des plus anciens Ordres de chevalerie. L&rsquo;\u00c9tat italien a formellement reconnu la l\u00e9gitimit\u00e9 de l&rsquo;Ordre et, depuis 1963, autorise les citoyens italiens \u00e0 porter les d\u00e9corations d\u00e9cern\u00e9es par l&rsquo;Ordre conform\u00e9ment \u00e0 l&rsquo;art. 7 de la loi 178 du 3 mars 1951. L&rsquo;Ordre est \u00e9galement inscrit \u00e0 la Chancellerie du Tribunal de Naples au registre des personnes morales. Les Chevaliers de l&rsquo;Ordre peuvent faire partie de l&rsquo;Association Nationale des Chevaliers Constantiniens italiens (A.N.C.C.I.), \u00e9tablie en tant qu&rsquo;organisation \u00e0 but non lucratif par d\u00e9cret du Pr\u00e9sident de la R\u00e9publique du 30 mars 1973. Depuis [&hellip;]<\/p>\n","protected":false},"author":1,"featured_media":0,"parent":0,"menu_order":0,"comment_status":"closed","ping_status":"closed","template":"","meta":{"footnotes":""},"class_list":["post-8640","page","type-page","status-publish","hentry"],"_links":{"self":[{"href":"https:\/\/constantinianorder.charity\/fr\/wp-json\/wp\/v2\/pages\/8640"}],"collection":[{"href":"https:\/\/constantinianorder.charity\/fr\/wp-json\/wp\/v2\/pages"}],"about":[{"href":"https:\/\/constantinianorder.charity\/fr\/wp-json\/wp\/v2\/types\/page"}],"author":[{"embeddable":true,"href":"https:\/\/constantinianorder.charity\/fr\/wp-json\/wp\/v2\/users\/1"}],"replies":[{"embeddable":true,"href":"https:\/\/constantinianorder.charity\/fr\/wp-json\/wp\/v2\/comments?post=8640"}],"version-history":[{"count":7,"href":"https:\/\/constantinianorder.charity\/fr\/wp-json\/wp\/v2\/pages\/8640\/revisions"}],"predecessor-version":[{"id":10123,"href":"https:\/\/constantinianorder.charity\/fr\/wp-json\/wp\/v2\/pages\/8640\/revisions\/10123"}],"wp:attachment":[{"href":"https:\/\/constantinianorder.charity\/fr\/wp-json\/wp\/v2\/media?parent=8640"}],"curies":[{"name":"wp","href":"https:\/\/api.w.org\/{rel}","templated":true}]}}