{"id":5093,"date":"2020-03-20T13:45:04","date_gmt":"2020-03-20T13:45:04","guid":{"rendered":"https:\/\/constantinianorder.charity\/privacy-policy\/"},"modified":"2022-11-15T09:17:53","modified_gmt":"2022-11-15T09:17:53","slug":"politique-de-confidentialite","status":"publish","type":"page","link":"https:\/\/constantinianorder.charity\/fr\/politique-de-confidentialite\/","title":{"rendered":"Politique de confidentialit\u00e9"},"content":{"rendered":"<p>[vc_row][vc_column][vc_column_text]<\/p>\n<h2><strong>D\u00e9claration de confidentialit\u00e9<\/strong><\/h2>\n<p><strong>Informations conform\u00e9ment \u00e0 l&rsquo;article 13 du r\u00e8glement UE no. 2016\/679<\/strong><\/p>\n<p>Conform\u00e9ment \u00e0 l&rsquo;art. 13 du R\u00e8glement UE no. 2016\/679 (ci-apr\u00e8s \u00ab\u00a0RGPD 2016\/679\u00a0\u00bb), contenant des dispositions sur la protection des donn\u00e9es, nous vous informons que les donn\u00e9es personnelles que vous fournissez seront trait\u00e9es conform\u00e9ment \u00e0 la l\u00e9gislation susmentionn\u00e9e et seront bas\u00e9es sur les principes de l\u00e9galit\u00e9, rectitude, transparence, limitation et conservation des finalit\u00e9s, minimisation des donn\u00e9es, exactitude, int\u00e9grit\u00e9 et confidentialit\u00e9.<\/p>\n<p><strong>Titulaire du traitement<\/strong><\/p>\n<p>Le responsable du traitement des donn\u00e9es est l&rsquo;Ordre Constantinian Charity Onlus (num\u00e9ro de TVA: 97936950589), dont le si\u00e8ge social est \u00e0 Rome, via Giosu\u00e9 Carducci n. 4.<\/p>\n<p><strong>Donn\u00e9es personnelles en cours de traitement<\/strong><\/p>\n<p>Les donn\u00e9es personnelles, c&rsquo;est-\u00e0-dire toute information concernant votre identification et \/ ou identifiabilit\u00e9, sont les suivantes: nom, pr\u00e9nom, adresse de r\u00e9sidence, adresse e-mail, code fiscal, num\u00e9ro de TVA, num\u00e9ro de t\u00e9l\u00e9phone.<\/p>\n<p><strong>Finalit\u00e9 et base juridique du traitement<\/strong><\/p>\n<p>Les donn\u00e9es personnelles que vous fournissez sont utilis\u00e9es pour la vente de livres \u00e9lectroniques et pour l&rsquo;exp\u00e9dition de livres au format papier, ainsi que pour la fourniture du service de cours de formation en ligne. La base juridique du traitement s&rsquo;inscrit dans le contexte contractuel ou pr\u00e9contractuel.<\/p>\n<p><strong>Fourniture facultative de donn\u00e9es<\/strong><\/p>\n<p>Il est pr\u00e9cis\u00e9 que vous \u00eates libre de fournir vos donn\u00e9es personnelles. Le fait de ne pas les fournir ne peut que rendre impossible l&rsquo;obtention du service \/ produit demand\u00e9.<\/p>\n<p><strong>M\u00e9thodes de traitement et mesures de s\u00e9curit\u00e9<\/strong><\/p>\n<p>Le traitement est effectu\u00e9 sous une forme automatis\u00e9e et \/ ou manuelle, conform\u00e9ment aux dispositions de l&rsquo;art. 32 du RGPD 2016\/679 et sont trait\u00e9es de mani\u00e8re l\u00e9gale et correcte, en adoptant les mesures de s\u00e9curit\u00e9 appropri\u00e9es pour emp\u00eacher l&rsquo;acc\u00e8s, la divulgation, la modification ou la destruction non autoris\u00e9s des donn\u00e9es. En particulier, \u00e0 titre d&rsquo;exemple, ce site adopte un syst\u00e8me HTTPS avec certification SSL du domaine.<\/p>\n<p><strong>Port\u00e9e de la communication et de la diffusion<\/strong><\/p>\n<p>Nous vous informons \u00e9galement que les donn\u00e9es collect\u00e9es ne seront jamais divulgu\u00e9es et ne seront pas divulgu\u00e9es sans votre consentement explicite, \u00e0 l&rsquo;exception des communications n\u00e9cessaires qui peuvent impliquer le transfert de donn\u00e9es \u00e0 des organismes publics, des consultants ou d&rsquo;autres sujets pour le respect des obligations l\u00e9gales .<\/p>\n<p><strong>Conservation des donn\u00e9es<\/strong><\/p>\n<p>Le responsable du traitement traitera vos donn\u00e9es personnelles pendant le temps strictement n\u00e9cessaire pour atteindre les finalit\u00e9s indiqu\u00e9es dans les finalit\u00e9s et pour une dur\u00e9e maximale de dix ans, sauf si la loi le prolonge.<\/p>\n<p><strong>Transfert de donn\u00e9es personnelles<\/strong><\/p>\n<p>Vos donn\u00e9es ne seront pas transf\u00e9r\u00e9es vers des pays tiers en dehors de l&rsquo;Union europ\u00e9enne.<\/p>\n<p><strong>Droits de l&rsquo;int\u00e9ress\u00e9<\/strong><\/p>\n<p>\u00c0 tout moment, vous pouvez exercer, conform\u00e9ment aux articles 15 \u00e0 22 du R\u00e8glement UE no. 2016\/679, le droit de:<\/p>\n<ol>\n<li><strong>acc\u00e8s<\/strong>, demande de confirmation de l&rsquo;existence ou non du traitement de donn\u00e9es personnelles, obtention d&rsquo;indications sur les finalit\u00e9s du traitement, les cat\u00e9gories de donn\u00e9es personnelles, les destinataires ou les cat\u00e9gories de destinataires auxquels les donn\u00e9es personnelles ont \u00e9t\u00e9 ou seront communiqu\u00e9es et, si possible, la p\u00e9riode de conservation;<\/li>\n<li><strong>correction et suppression<\/strong> de donn\u00e9es;<\/li>\n<li><strong>limitation du traitement<\/strong>;<\/li>\n<li><strong>portabilit\u00e9 des donn\u00e9es<\/strong>, c&rsquo;est-\u00e0-dire les recevoir d&rsquo;un contr\u00f4leur de donn\u00e9es, dans un format structur\u00e9, couramment utilis\u00e9 et lisible par un dispositif automatique, et les transmettre \u00e0 un autre contr\u00f4leur de donn\u00e9es sans entrave;<\/li>\n<li><strong>opposition au traitement<\/strong> \u00e0 tout moment et \u00e9galement en cas de traitement \u00e0 des fins de marketing direct, ainsi qu&rsquo;en ce qui concerne un processus de prise de d\u00e9cision automatis\u00e9 concernant les personnes physiques, y compris le profilage;<\/li>\n<li><strong>retirer le consentement<\/strong> \u00e0 tout moment sans pr\u00e9judice de la l\u00e9galit\u00e9 du traitement sur la base du consentement donn\u00e9 avant la r\u00e9vocation;<\/li>\n<li><strong>proposer une plainte<\/strong> \u00e0 une autorit\u00e9 de contr\u00f4le.<\/li>\n<\/ol>\n<p>\u00c0 cet effet, vous pouvez exercer vos droits avec une demande \u00e9crite envoy\u00e9e \u00e0 l&rsquo;adresse e-mail cancelleria@ordine-costantiniano.it<\/p>\n<p>Nous nous occuperons de r\u00e9pondre \u00e0 votre demande dans un d\u00e9lai d&rsquo;un mois \u00e0 compter de sa r\u00e9ception; ce d\u00e9lai peut \u00eatre prolong\u00e9 de deux mois suppl\u00e9mentaires en cas de complexit\u00e9 particuli\u00e8re et de nombre de demandes.<\/p>\n<p><em>En cas de non-respect de la demande, vous pouvez d\u00e9poser une plainte aupr\u00e8s de l&rsquo;Autorit\u00e9 de surveillance (garant de la confidentialit\u00e9) conform\u00e9ment \u00e0 l&rsquo;art. 77 EU Reg.679 \/ 2019 et introduire un recours judiciaire conform\u00e9ment \u00e0 l&rsquo;art. 79 R\u00e8gl.UE 679\/2019.<\/em>[\/vc_column_text][\/vc_column][\/vc_row]<\/p>\n","protected":false},"excerpt":{"rendered":"<p>[vc_row][vc_column][vc_column_text] D\u00e9claration de confidentialit\u00e9 Informations conform\u00e9ment \u00e0 l&rsquo;article 13 du r\u00e8glement UE no. 2016\/679 Conform\u00e9ment \u00e0 l&rsquo;art. 13 du R\u00e8glement UE no. 2016\/679 (ci-apr\u00e8s \u00ab\u00a0RGPD 2016\/679\u00a0\u00bb), contenant des dispositions sur la protection des donn\u00e9es, nous vous informons que les donn\u00e9es personnelles que vous fournissez seront trait\u00e9es conform\u00e9ment \u00e0 la l\u00e9gislation susmentionn\u00e9e et seront bas\u00e9es sur les principes de l\u00e9galit\u00e9, rectitude, transparence, limitation et conservation des finalit\u00e9s, minimisation des donn\u00e9es, exactitude, int\u00e9grit\u00e9 et confidentialit\u00e9. Titulaire du traitement Le responsable du traitement des donn\u00e9es est l&rsquo;Ordre Constantinian Charity Onlus (num\u00e9ro de TVA: 97936950589), dont le si\u00e8ge social est \u00e0 Rome, via Giosu\u00e9 Carducci n. 4. Donn\u00e9es personnelles en cours de traitement Les donn\u00e9es personnelles, c&rsquo;est-\u00e0-dire toute information concernant votre identification et \/ ou identifiabilit\u00e9, sont les suivantes: nom, pr\u00e9nom, adresse de r\u00e9sidence, adresse e-mail, code fiscal, num\u00e9ro de TVA, num\u00e9ro de t\u00e9l\u00e9phone. Finalit\u00e9 et base juridique du traitement Les donn\u00e9es personnelles que vous fournissez sont utilis\u00e9es pour la vente de livres \u00e9lectroniques et pour l&rsquo;exp\u00e9dition de livres au format papier, ainsi que pour la fourniture du service de cours de formation en ligne. La base juridique du traitement s&rsquo;inscrit dans le contexte contractuel ou pr\u00e9contractuel. Fourniture facultative de donn\u00e9es Il est pr\u00e9cis\u00e9 que vous \u00eates libre de fournir vos donn\u00e9es personnelles. Le fait de ne pas les fournir ne peut que rendre impossible l&rsquo;obtention du service \/ produit demand\u00e9. M\u00e9thodes de traitement et mesures de s\u00e9curit\u00e9 Le traitement est effectu\u00e9 sous une forme automatis\u00e9e et \/ ou manuelle, conform\u00e9ment aux dispositions de [&hellip;]<\/p>\n","protected":false},"author":1,"featured_media":0,"parent":0,"menu_order":0,"comment_status":"closed","ping_status":"closed","template":"","meta":{"footnotes":""},"class_list":["post-5093","page","type-page","status-publish","hentry"],"_links":{"self":[{"href":"https:\/\/constantinianorder.charity\/fr\/wp-json\/wp\/v2\/pages\/5093"}],"collection":[{"href":"https:\/\/constantinianorder.charity\/fr\/wp-json\/wp\/v2\/pages"}],"about":[{"href":"https:\/\/constantinianorder.charity\/fr\/wp-json\/wp\/v2\/types\/page"}],"author":[{"embeddable":true,"href":"https:\/\/constantinianorder.charity\/fr\/wp-json\/wp\/v2\/users\/1"}],"replies":[{"embeddable":true,"href":"https:\/\/constantinianorder.charity\/fr\/wp-json\/wp\/v2\/comments?post=5093"}],"version-history":[{"count":3,"href":"https:\/\/constantinianorder.charity\/fr\/wp-json\/wp\/v2\/pages\/5093\/revisions"}],"predecessor-version":[{"id":5096,"href":"https:\/\/constantinianorder.charity\/fr\/wp-json\/wp\/v2\/pages\/5093\/revisions\/5096"}],"wp:attachment":[{"href":"https:\/\/constantinianorder.charity\/fr\/wp-json\/wp\/v2\/media?parent=5093"}],"curies":[{"name":"wp","href":"https:\/\/api.w.org\/{rel}","templated":true}]}}