{"id":5079,"date":"2020-03-20T13:54:05","date_gmt":"2020-03-20T13:54:05","guid":{"rendered":"https:\/\/constantinianorder.charity\/cookies-policy\/"},"modified":"2022-11-15T09:19:44","modified_gmt":"2022-11-15T09:19:44","slug":"politique-de-cookies","status":"publish","type":"page","link":"https:\/\/constantinianorder.charity\/fr\/politique-de-cookies\/","title":{"rendered":"Politique de cookies"},"content":{"rendered":"<p>[vc_row css=\u00a0\u00bb.vc_custom_1584712588889{margin-top: 5px !important;}\u00a0\u00bb][vc_column][vc_column_text]<\/p>\n<h2><strong>Informations sur les cookies<\/strong><\/h2>\n<p><strong>D\u00e9finition<\/strong><\/p>\n<p>Un \u00abcookie\u00bb est un fichier texte que le site envoie \u00e0 l&rsquo;ordinateur ou \u00e0 un autre appareil connect\u00e9 \u00e0 Internet pour identifier de mani\u00e8re unique le navigateur de l&rsquo;utilisateur ou pour enregistrer des informations ou des configurations dans le navigateur.<\/p>\n<p><strong>Utilisation sur ce site<\/strong><\/p>\n<p>Ce site utilise des cookies pour am\u00e9liorer le site et fournir des services et des fonctionnalit\u00e9s \u00e0 ses utilisateurs. Il est possible de limiter ou de d\u00e9sactiver l&rsquo;utilisation de cookies via le navigateur Web; cependant, sans cookies, certaines ou toutes les fonctions du site peuvent \u00eatre inutilisables.<\/p>\n<p><strong>Les types de cookies pr\u00e9sents sur ce site<\/strong><\/p>\n<p><strong><u>Cookies techniques strictement n\u00e9cessaires<\/u> <\/strong>-ces cookies sont indispensables pour effectuer les activit\u00e9s demand\u00e9es par l&rsquo;utilisateur. Par exemple, pour stocker les informations fournies par l&rsquo;utilisateur lors de la navigation sur le site<\/p>\n<p><strong><u>Cookies techniques fonctionnels<\/u> <\/strong>&#8211; Ces cookies permettent au site de stocker les choix faits par l&rsquo;utilisateur, qui peuvent ensuite \u00eatre r\u00e9utilis\u00e9s. Par exemple, ils permettent au site de stocker les param\u00e8tres de recherche et d&rsquo;autres fonctions personnalis\u00e9es.<\/p>\n<p><strong><u>Cookies tiers &#8211; <\/u><\/strong>Ce site n&rsquo;utilise pas directement de cookies de profilage. Cependant, ce site utilise des objets embarqu\u00e9s qui t\u00e9l\u00e9chargent des cookies tiers, souvent capables de profiler les int\u00e9r\u00eats, les recherches ou la navigation de l&rsquo;utilisateur, pour lesquels vous trouverez ci-dessous des liens d\u00e9taill\u00e9s pour obtenir des informations et g\u00e9rer leur consentement:<\/p>\n<p><em>Vid\u00e9o Youtube<\/em><\/p>\n<p>Ce site peut int\u00e9grer des vid\u00e9os Youtube, d\u00e9tenues par Google, capables de profilage, utilis\u00e9es par ce site dans le but de montrer des vid\u00e9os Youtube.<\/p>\n<ul>\n<li>Page de r\u00e9f\u00e9rence Youtube<\/li>\n<\/ul>\n<p><em>Google maps<\/em><\/p>\n<p>Ce site peut int\u00e9grer des cartes Google, capables de profilage, utilis\u00e9es par ce site dans le but d&rsquo;afficher des cartes Google.<\/p>\n<ul>\n<li>Types de cookies utilis\u00e9s par Google<\/li>\n<\/ul>\n<p><em>Cookies Flash<\/em><\/p>\n<p>Ce site peut int\u00e9grer des objets avec flash player pour des animations ou des vid\u00e9os capables de collecter des donn\u00e9es similaires aux cookies sur le terminal de l&rsquo;utilisateur, utilis\u00e9es par ce site pour montrer des vid\u00e9os ou des animations.<\/p>\n<ul>\n<li>Informations sur Flash player<\/li>\n<\/ul>\n<p><em>Cookies des r\u00e9seaux sociaux<\/em><\/p>\n<p>Ces cookies stockent des informations li\u00e9es \u00e0 l&rsquo;utilisation du site par les r\u00e9seaux sociaux courants. Pour conna\u00eetre et d\u00e9sactiver les cookies de ces r\u00e9seaux sociaux, voici les r\u00e9f\u00e9rences aux politiques individuelles:<\/p>\n<ul>\n<li>Facebook<\/li>\n<li>Google+<\/li>\n<li>Linkedin<\/li>\n<\/ul>\n<p><em>Comment g\u00e9rer et \/ ou d\u00e9sactiver les cookies?<\/em><\/p>\n<p>Ce site est configur\u00e9 pour garder les cookies en m\u00e9moire pendant un mois.<\/p>\n<p>Vous pouvez supprimer les cookies install\u00e9s sur ce site en cliquant ici.<\/p>\n<p><em>NAVIGATEUR:<\/em><\/p>\n<p>En plus des liens propos\u00e9s jusqu&rsquo;\u00e0 pr\u00e9sent pour chaque type de cookie, chaque navigateur propose des m\u00e9thodes pour limiter ou d\u00e9sactiver les cookies. Pour plus d&rsquo;informations sur la gestion des cookies, visitez les liens appropri\u00e9s:<\/p>\n<ul>\n<li>Internet Explorer<\/li>\n<li>Firefox<\/li>\n<li>Chrome<\/li>\n<li>Safari<\/li>\n<\/ul>\n<p>MOBILE<\/p>\n<p>Pour supprimer les cookies du navigateur Internet de votre smartphone \/ tablette, vous devez vous r\u00e9f\u00e9rer au manuel d&rsquo;utilisation de l&rsquo;appareil.<\/p>\n<p>&nbsp;<\/p>\n<p>SERVICES EN LIGNE<\/p>\n<p>Vous pouvez \u00e9galement visiter le site Web du garant de la confidentialit\u00e9 ou consulter le didacticiel suivant pour plus d&rsquo;informations r\u00e9glementaires et techniques sur les cookies.<\/p>\n<p><em>Cette page est visible \u00e0 travers le lien sur toutes les pages du site conform\u00e9ment \u00e0 l&rsquo;art. 122 deuxi\u00e8me alin\u00e9a du d\u00e9cret l\u00e9gislatif 196\/2003 et conform\u00e9ment aux proc\u00e9dures simplifi\u00e9es pour l&rsquo;information et l&rsquo;obtention du consentement \u00e0 l&rsquo;utilisation des cookies publi\u00e9es au Journal officiel conform\u00e9ment \u00e0 la disposition du garant de la vie priv\u00e9e n.126 du 3 juin 2014 et au registre de mesures correspondant n.229 8 mai 2014.<\/em>[\/vc_column_text][\/vc_column][\/vc_row]<\/p>\n","protected":false},"excerpt":{"rendered":"<p>[vc_row css=\u00a0\u00bb.vc_custom_1584712588889{margin-top: 5px !important;}\u00a0\u00bb][vc_column][vc_column_text] Informations sur les cookies D\u00e9finition Un \u00abcookie\u00bb est un fichier texte que le site envoie \u00e0 l&rsquo;ordinateur ou \u00e0 un autre appareil connect\u00e9 \u00e0 Internet pour identifier de mani\u00e8re unique le navigateur de l&rsquo;utilisateur ou pour enregistrer des informations ou des configurations dans le navigateur. Utilisation sur ce site Ce site utilise des cookies pour am\u00e9liorer le site et fournir des services et des fonctionnalit\u00e9s \u00e0 ses utilisateurs. Il est possible de limiter ou de d\u00e9sactiver l&rsquo;utilisation de cookies via le navigateur Web; cependant, sans cookies, certaines ou toutes les fonctions du site peuvent \u00eatre inutilisables. Les types de cookies pr\u00e9sents sur ce site Cookies techniques strictement n\u00e9cessaires -ces cookies sont indispensables pour effectuer les activit\u00e9s demand\u00e9es par l&rsquo;utilisateur. Par exemple, pour stocker les informations fournies par l&rsquo;utilisateur lors de la navigation sur le site Cookies techniques fonctionnels &#8211; Ces cookies permettent au site de stocker les choix faits par l&rsquo;utilisateur, qui peuvent ensuite \u00eatre r\u00e9utilis\u00e9s. Par exemple, ils permettent au site de stocker les param\u00e8tres de recherche et d&rsquo;autres fonctions personnalis\u00e9es. Cookies tiers &#8211; Ce site n&rsquo;utilise pas directement de cookies de profilage. Cependant, ce site utilise des objets embarqu\u00e9s qui t\u00e9l\u00e9chargent des cookies tiers, souvent capables de profiler les int\u00e9r\u00eats, les recherches ou la navigation de l&rsquo;utilisateur, pour lesquels vous trouverez ci-dessous des liens d\u00e9taill\u00e9s pour obtenir des informations et g\u00e9rer leur consentement: Vid\u00e9o Youtube Ce site peut int\u00e9grer des vid\u00e9os Youtube, d\u00e9tenues par Google, capables de profilage, utilis\u00e9es par ce site dans le [&hellip;]<\/p>\n","protected":false},"author":1,"featured_media":0,"parent":0,"menu_order":0,"comment_status":"closed","ping_status":"closed","template":"","meta":{"footnotes":""},"class_list":["post-5079","page","type-page","status-publish","hentry"],"_links":{"self":[{"href":"https:\/\/constantinianorder.charity\/fr\/wp-json\/wp\/v2\/pages\/5079"}],"collection":[{"href":"https:\/\/constantinianorder.charity\/fr\/wp-json\/wp\/v2\/pages"}],"about":[{"href":"https:\/\/constantinianorder.charity\/fr\/wp-json\/wp\/v2\/types\/page"}],"author":[{"embeddable":true,"href":"https:\/\/constantinianorder.charity\/fr\/wp-json\/wp\/v2\/users\/1"}],"replies":[{"embeddable":true,"href":"https:\/\/constantinianorder.charity\/fr\/wp-json\/wp\/v2\/comments?post=5079"}],"version-history":[{"count":5,"href":"https:\/\/constantinianorder.charity\/fr\/wp-json\/wp\/v2\/pages\/5079\/revisions"}],"predecessor-version":[{"id":5084,"href":"https:\/\/constantinianorder.charity\/fr\/wp-json\/wp\/v2\/pages\/5079\/revisions\/5084"}],"wp:attachment":[{"href":"https:\/\/constantinianorder.charity\/fr\/wp-json\/wp\/v2\/media?parent=5079"}],"curies":[{"name":"wp","href":"https:\/\/api.w.org\/{rel}","templated":true}]}}