{"id":4597,"date":"2016-03-07T03:10:46","date_gmt":"2016-03-07T03:10:46","guid":{"rendered":"https:\/\/constantinianorder.charity\/contatti\/"},"modified":"2020-03-22T15:15:28","modified_gmt":"2020-03-22T15:15:28","slug":"contacts","status":"publish","type":"page","link":"https:\/\/constantinianorder.charity\/fr\/contacts\/","title":{"rendered":"Contacts"},"content":{"rendered":"<p>[vc_row css=\u00a0\u00bb.vc_custom_1584705384612{margin-bottom: 0px !important;border-bottom-width: 0px !important;padding-bottom: 0px !important;}\u00a0\u00bb][vc_column css=\u00a0\u00bb.vc_custom_1584705438648{margin-bottom: 0px !important;border-bottom-width: 0px !important;padding-bottom: 0px !important;}\u00a0\u00bb][vc_column_text css=\u00a0\u00bb.vc_custom_1584798619720{margin-bottom: 0px !important;border-bottom-width: 0px !important;padding-bottom: 0px !important;}\u00a0\u00bb]<\/p>\n<h1>Contacts<\/h1>\n<p>[\/vc_column_text][\/vc_column][\/vc_row][vc_row row_space=\u00a0\u00bbremove_padding\u00a0\u00bb][vc_column width=\u00a0\u00bb2\/3&Prime;]<div role=\"form\" class=\"wpcf7\" id=\"wpcf7-f4590-o1\" lang=\"en-US\" dir=\"ltr\">\n<div class=\"screen-reader-response\"><p role=\"status\" aria-live=\"polite\" aria-atomic=\"true\"><\/p> <ul><\/ul><\/div>\n<form action=\"\/fr\/wp-json\/wp\/v2\/pages\/4597#wpcf7-f4590-o1\" method=\"post\" class=\"wpcf7-form init\" novalidate=\"novalidate\" data-status=\"init\">\n<div style=\"display: none;\">\n<input type=\"hidden\" name=\"_wpcf7\" value=\"4590\" \/>\n<input type=\"hidden\" name=\"_wpcf7_version\" value=\"5.6.4\" \/>\n<input type=\"hidden\" name=\"_wpcf7_locale\" value=\"en_US\" \/>\n<input type=\"hidden\" name=\"_wpcf7_unit_tag\" value=\"wpcf7-f4590-o1\" \/>\n<input type=\"hidden\" name=\"_wpcf7_container_post\" value=\"0\" \/>\n<input type=\"hidden\" name=\"_wpcf7_posted_data_hash\" value=\"\" \/>\n<input type=\"hidden\" name=\"_wpcf7_recaptcha_response\" value=\"\" \/>\n<\/div>\n<div class=\"row\">\n<div class=\"col-sm-4 col-xs-12\"><span class=\"wpcf7-form-control-wrap\" data-name=\"your-name\"><input type=\"text\" name=\"your-name\" value=\"\" size=\"40\" class=\"wpcf7-form-control wpcf7-text wpcf7-validates-as-required\" aria-required=\"true\" aria-invalid=\"false\" placeholder=\"Nom *\" \/><\/span> <\/div>\n<div class=\"col-sm-4 col-xs-12\"><span class=\"wpcf7-form-control-wrap\" data-name=\"your-email\"><input type=\"email\" name=\"your-email\" value=\"\" size=\"40\" class=\"wpcf7-form-control wpcf7-text wpcf7-email wpcf7-validates-as-required wpcf7-validates-as-email\" aria-required=\"true\" aria-invalid=\"false\" placeholder=\"Email *\" \/><\/span> <\/div>\n<div class=\"col-sm-4 col-xs-12\"><span class=\"wpcf7-form-control-wrap\" data-name=\"your-subject\"><input type=\"text\" name=\"your-subject\" value=\"\" size=\"40\" class=\"wpcf7-form-control wpcf7-text\" aria-invalid=\"false\" placeholder=\"Objet\" \/><\/span> <\/div>\n<\/div>\n<div class=\"row\">\n<div class=\"col-xs-12\"><span class=\"wpcf7-form-control-wrap\" data-name=\"your-message\"><textarea name=\"your-message\" cols=\"40\" rows=\"6\" class=\"wpcf7-form-control wpcf7-textarea\" aria-invalid=\"false\" placeholder=\"Message\"><\/textarea><\/span> <\/div>\n<p><span class=\"wpcf7-form-control-wrap\" data-name=\"acceptance-3\"><span class=\"wpcf7-form-control wpcf7-acceptance\"><span class=\"wpcf7-list-item\"><label><input type=\"checkbox\" name=\"acceptance-3\" value=\"1\" aria-invalid=\"false\" \/><span class=\"wpcf7-list-item-label\">Je d\u00e9clare avoir lu et accept\u00e9 le traitement des donn\u00e9es tel que sp\u00e9cifi\u00e9 dans la <strong><a href=\"https:\/\/constantinianorder.charity\/fr\/politique-de-confidentialite\/\">politique de confidentialit\u00e9<\/a><\/strong>.<\/span><\/label><\/span><\/span><\/span><\/p>\n<div class=\"col-xs-12 action\">\n<span class=\"wpcf7-form-control-wrap recaptcha\"><span data-sitekey=\"6LcT4qQZAAAAALykCErSm8o631JLFNTvOLdERbzZ\" class=\"wpcf7-form-control g-recaptcha wpcf7-recaptcha\"><\/span>\r\n<noscript>\r\n\t<div class=\"grecaptcha-noscript\">\r\n\t\t<iframe loading=\"lazy\" src=\"https:\/\/www.google.com\/recaptcha\/api\/fallback?k=6LcT4qQZAAAAALykCErSm8o631JLFNTvOLdERbzZ\" frameborder=\"0\" scrolling=\"no\" width=\"310\" height=\"430\">\r\n\t\t<\/iframe>\r\n\t\t<textarea name=\"g-recaptcha-response\" rows=\"3\" cols=\"40\" placeholder=\"reCaptcha Response Here\">\r\n\t\t<\/textarea>\r\n\t<\/div>\r\n<\/noscript>\r\n<\/span>\n<\/div>\n<div class=\"col-xs-12 action\"><input type=\"submit\" value=\"Envoi\" class=\"wpcf7-form-control has-spinner wpcf7-submit\" \/><\/div>\n<\/div>\n<div class=\"wpcf7-response-output\" aria-hidden=\"true\"><\/div><\/form><\/div>[\/vc_column][vc_column width=\u00a0\u00bb1\/3&Prime;][vc_column_text]<strong>Ordine Costantiniano Charity Onlus<\/strong><\/p>\n<p>Via Giosu\u00e8 Carducci n.4<br \/>\ncap 00187 Roma (RM) IT<br \/>\ninscription au registre Onlus de la r\u00e9gion Lazio: 97936950589<br \/>\ntel.:+39 06 4741190<br \/>\nemail: info@constantinianorder.charity[\/vc_column_text][\/vc_column][\/vc_row]<\/p>\n","protected":false},"excerpt":{"rendered":"<p>[vc_row css=\u00a0\u00bb.vc_custom_1584705384612{margin-bottom: 0px !important;border-bottom-width: 0px !important;padding-bottom: 0px !important;}\u00a0\u00bb][vc_column css=\u00a0\u00bb.vc_custom_1584705438648{margin-bottom: 0px !important;border-bottom-width: 0px !important;padding-bottom: 0px !important;}\u00a0\u00bb][vc_column_text css=\u00a0\u00bb.vc_custom_1584798619720{margin-bottom: 0px !important;border-bottom-width: 0px !important;padding-bottom: 0px !important;}\u00a0\u00bb] Contacts [\/vc_column_text][\/vc_column][\/vc_row][vc_row row_space=\u00a0\u00bbremove_padding\u00a0\u00bb][vc_column width=\u00a0\u00bb2\/3&Prime;][\/vc_column][vc_column width=\u00a0\u00bb1\/3&Prime;][vc_column_text]Ordine Costantiniano Charity Onlus Via Giosu\u00e8 Carducci n.4 cap 00187 Roma (RM) IT inscription au registre Onlus de la r\u00e9gion Lazio: 97936950589 tel.:+39 06 4741190 email: info@constantinianorder.charity[\/vc_column_text][\/vc_column][\/vc_row]<\/p>\n","protected":false},"author":1,"featured_media":0,"parent":0,"menu_order":0,"comment_status":"closed","ping_status":"closed","template":"","meta":{"footnotes":""},"class_list":["post-4597","page","type-page","status-publish","hentry"],"_links":{"self":[{"href":"https:\/\/constantinianorder.charity\/fr\/wp-json\/wp\/v2\/pages\/4597"}],"collection":[{"href":"https:\/\/constantinianorder.charity\/fr\/wp-json\/wp\/v2\/pages"}],"about":[{"href":"https:\/\/constantinianorder.charity\/fr\/wp-json\/wp\/v2\/types\/page"}],"author":[{"embeddable":true,"href":"https:\/\/constantinianorder.charity\/fr\/wp-json\/wp\/v2\/users\/1"}],"replies":[{"embeddable":true,"href":"https:\/\/constantinianorder.charity\/fr\/wp-json\/wp\/v2\/comments?post=4597"}],"version-history":[{"count":6,"href":"https:\/\/constantinianorder.charity\/fr\/wp-json\/wp\/v2\/pages\/4597\/revisions"}],"predecessor-version":[{"id":4773,"href":"https:\/\/constantinianorder.charity\/fr\/wp-json\/wp\/v2\/pages\/4597\/revisions\/4773"}],"wp:attachment":[{"href":"https:\/\/constantinianorder.charity\/fr\/wp-json\/wp\/v2\/media?parent=4597"}],"curies":[{"name":"wp","href":"https:\/\/api.w.org\/{rel}","templated":true}]}}