{"id":9483,"date":"2022-11-07T17:11:48","date_gmt":"2022-11-07T17:11:48","guid":{"rendered":"https:\/\/constantinianorder.charity\/activite-de-crowdfunding-en-faveur-de-hope-and-help\/"},"modified":"2024-10-16T16:17:43","modified_gmt":"2024-10-16T16:17:43","slug":"actividad-de-crowdfunding-a-favor-de-hopehelp","status":"publish","type":"page","link":"https:\/\/constantinianorder.charity\/es\/actividad-de-crowdfunding-a-favor-de-hopehelp\/","title":{"rendered":"Actividad de crowdfunding a favor de Hope&#038;Help"},"content":{"rendered":"<p>[vc_row css=\u00bb.vc_custom_1642778556211{margin-top: -80px !important;margin-bottom: 0px !important;border-bottom-width: 0px !important;padding-top: 0px !important;padding-bottom: 0px !important;}\u00bb][vc_column][vc_empty_space][vc_column_text]<\/p>\n<h2 style=\"text-align: center;\"><em>Hope &amp; Help &#8211; Speran\u021b\u0103 \u0219i Ajutor<\/em><\/h2>\n<h1 style=\"text-align: center;\">M\u00e1s calor para Navidad<\/h1>\n<h3 style=\"text-align: center;\">(Moldavia, noviembre \u2013 diciembre de 2022)<\/h3>\n<p>[\/vc_column_text][\/vc_column][\/vc_row][vc_row disable_element=\u00bbyes\u00bb css=\u00bb.vc_custom_1646314891969{margin-top: -80px !important;padding-top: 0px !important;}\u00bb][vc_column][vc_column_text]<\/p>\n<h3 style=\"text-align: center;\"><em>Sbalorditi dalla crisi internazionale che sta sconvolgendo le vite di milioni di abitanti in Ucraina e dalle sue drammatiche conseguenze umanitarie!<\/em><\/h3>\n<p>[\/vc_column_text][\/vc_column][\/vc_row][vc_row css=\u00bb.vc_custom_1642783907180{margin-top: -80px !important;padding-top: 0px !important;}\u00bb][vc_column][vc_column_text]Dar calor a las personas m\u00e1s d\u00e9biles y necesitadas. \u201cM\u00e1s calor para Navidad\u201d: as\u00ed se llama el proyecto, apoyado por la Sagrada y Militar Orden Constantiniana de San Jorge y patrocinado por la Uni\u00f3n Nacional Caballero de M\u00e9rito de la Rep\u00fablica Italiana, por la Coordinaci\u00f3n Nacional Operativa Interfuerzas para la Protecci\u00f3n de Medio Ambiente y con la ayuda de quienes quieran participar, que la asociaci\u00f3n Hope&amp;Help- Speran\u021b\u0103 \u0219i Ajutor desea implementar.<\/p>\n<p>En este per\u00edodo de incertidumbre, provocado sobre todo por la situaci\u00f3n internacional sin precedentes desencadenada por el conflicto Rusia-Ucrania, las personas \u201cm\u00e1s d\u00e9biles\u201d (mujeres, ancianos y ni\u00f1os) son, como siempre, las que sufren las consecuencias y, sin culpa alguna, se suman a los miles de desplazados y refugiados que lo han perdido todo, a los que no les queda m\u00e1s que su propia dignidad y la esperanza de poder volver a la normalidad.<\/p>\n<p>En este escenario tan doloroso, Hope&amp;Help, con la ayuda de todos ustedes, pretende llevar una sonrisa, una ayuda real, un poco de calor a estos corazones gravemente afectados.<br \/>\nLas donaciones recaudadas se utilizar\u00e1n para:<\/p>\n<ol>\n<li>comprar gr\u00e1nulos para distribuir a los pobres para pasar el invierno;<\/li>\n<li>comprar bolsitas de regalo para repartir a los ni\u00f1os en las guarder\u00edas y en los centros para ni\u00f1os hu\u00e9rfanos durante las vacaciones de Navidad;<\/li>\n<li>comprar art\u00edculos de primera necesidad (alimentos de larga duraci\u00f3n, productos param\u00e9dicos y de higiene, etc.) para repartir entre los m\u00e1s d\u00e9biles;<\/li>\n<li>realizar el primer peque\u00f1o parque infantil y lugar de encuentro para personas mayores donde los ni\u00f1os puedan estar felices de jugar y los mayores puedan hacerles compa\u00f1\u00eda, en un \u00e1rea ya identificada de unos 250 metros cuadrados, en el pueblo de Ghioltosu.<\/li>\n<\/ol>\n<p>La asociaci\u00f3n sin fines de lucro Hope&amp;Help &#8211; Speran\u021b\u0103 \u0219i Ajutor, tiene su sede en la Rep\u00fablica de Moldavia, en el distrito de Cantemir. Fundada en diciembre de 2021, ya se ha distinguido por su compromiso de apoyo a los m\u00e1s desfavorecidos brindando apoyo directo a m\u00e1s de 2.000 personas, principalmente mujeres y ni\u00f1os que huyen de territorios afectados por la guerra. Desde su fundaci\u00f3n, siempre ha colaborado con varias asociaciones en Italia y en el extranjero.[\/vc_column_text][vc_row_inner][vc_column_inner width=\u00bb1\/3&#8243;][\/vc_column_inner][vc_column_inner width=\u00bb1\/3&#8243;][vc_single_image image=\u00bb9287&#8243; alignment=\u00bbcenter\u00bb][\/vc_column_inner][vc_column_inner width=\u00bb1\/3&#8243;][\/vc_column_inner][\/vc_row_inner][\/vc_column][\/vc_row][vc_row custom_background=\u00bbbg-theme\u00bb css=\u00bb.vc_custom_1667586478183{margin-top: -50px !important;border-top-width: -80px !important;}\u00bb][vc_column][gva_block_heading title=\u00bb\u00a1UNA AYUDA CONCRETA!\u00bb style_text=\u00bbtext-light\u00bb desc=\u00bbDonec id elit non mi porta gravida at eget metus lorem ipsum dolor.\u00bb][\/gva_block_heading][vc_row_inner][vc_column_inner width=\u00bb1\/3&#8243;][gva_icon_box title=\u00bb\u00bfPARA QUI\u00c9N?\u00bb description=\u00bbA las familias y personas involucradas en la crisis humanitaria en Ucrania y Moldavia\u00bb icon_position=\u00bbtop-center v2&#8243; icon_width=\u00bbfa-2x\u00bb icon_border=\u00bbborder-1&#8243; icon_radius=\u00bbradius-5x\u00bb skin_text=\u00bbtext-light\u00bb icon_color=\u00bb#000&#8243; image=\u00bb8721&#8243; icon_background=\u00bb#fff\u00bb][\/vc_column_inner][vc_column_inner width=\u00bb1\/3&#8243;][gva_icon_box title=\u00bb\u00bfQU\u00c9 APORTA EL PROYECTO?\u00bb description=\u00bbCompra de bienes de primera necesidad y entrega directa en las zonas de mayor necesidad\u00bb icon_position=\u00bbtop-center v2&#8243; icon_width=\u00bbfa-2x\u00bb skin_text=\u00bbtext-light\u00bb icon_color=\u00bb#FFA600&#8243; image=\u00bb8725&#8243;][\/vc_column_inner][vc_column_inner width=\u00bb1\/3&#8243;][gva_icon_box title=\u00bb\u00bfQU\u00c9 SE DONA?\u00bb description=\u00bbPellets, bolsas de regalo, art\u00edculos de primera necesidad\u00bb icon_position=\u00bbtop-center v2&#8243; icon_width=\u00bbfa-2x\u00bb skin_text=\u00bbtext-light\u00bb icon_color=\u00bb#FFA600&#8243; image=\u00bb8717&#8243;][\/vc_column_inner][\/vc_row_inner][\/vc_column][\/vc_row][vc_row disable_element=\u00bbyes\u00bb][vc_column][gva_block_heading title=\u00bbAPOYO A LA RECAUDACI\u00d3N DE FONDOS\u00bb desc=\u00bbDonec id elit non mi porta gravida at eget metus lorem ipsum dolor.\u00bb]<\/p>\n<h3 style=\"text-align: center;\">Ay\u00fadanos a apoyar a estas personas en gran dificultad.<\/h3>\n<h2 style=\"text-align: center;\">\u00a1GRACIAS!<\/h2>\n<p>[\/gva_block_heading][vc_column_text]<\/p>\n<h1 style=\"text-align: center;\"><span style=\"color: #ff6600;\">[give_totals ids=\u00bb9290,9373,9472,9481&#8243; message= \u00abrecogido:\u00a0 {total}\u00bb progress_bar=\u00bbfalse\u00bb]<\/span><\/h1>\n<p>[\/vc_column_text][\/vc_column][\/vc_row][vc_row custom_background=\u00bbbg-theme\u00bb lvca_dark_bg=\u00bbtrue\u00bb][vc_column width=\u00bb1\/3&#8243;][vc_single_image image=\u00bb9277&#8243; img_size=\u00bblarge\u00bb alignment=\u00bbcenter\u00bb css=\u00bb.vc_custom_1667584136258{padding-top: 1px !important;padding-right: 1px !important;padding-bottom: 1px !important;padding-left: 1px !important;}\u00bb][\/vc_column][vc_column width=\u00bb1\/3&#8243;][vc_single_image image=\u00bb9267&#8243; img_size=\u00bblarge\u00bb alignment=\u00bbcenter\u00bb css=\u00bb.vc_custom_1667583519244{padding-top: 1px !important;padding-right: 1px !important;padding-bottom: 1px !important;padding-left: 1px !important;}\u00bb][\/vc_column][vc_column width=\u00bb1\/3&#8243;][vc_single_image image=\u00bb9282&#8243; img_size=\u00bblarge\u00bb alignment=\u00bbcenter\u00bb css=\u00bb.vc_custom_1667584282807{padding-top: 1px !important;padding-right: 1px !important;padding-bottom: 1px !important;padding-left: 1px !important;}\u00bb][\/vc_column][\/vc_row][vc_row][vc_column][vc_column_text][give_form id=\u00bb9481&#8243;][\/vc_column_text][\/vc_column][\/vc_row]<\/p>\n","protected":false},"excerpt":{"rendered":"<p>[vc_row css=\u00bb.vc_custom_1642778556211{margin-top: -80px !important;margin-bottom: 0px !important;border-bottom-width: 0px !important;padding-top: 0px !important;padding-bottom: 0px !important;}\u00bb][vc_column][vc_empty_space][vc_column_text] Hope &amp; Help &#8211; Speran\u021b\u0103 \u0219i Ajutor M\u00e1s calor para Navidad (Moldavia, noviembre \u2013 diciembre de 2022) [\/vc_column_text][\/vc_column][\/vc_row][vc_row disable_element=\u00bbyes\u00bb css=\u00bb.vc_custom_1646314891969{margin-top: -80px !important;padding-top: 0px !important;}\u00bb][vc_column][vc_column_text] Sbalorditi dalla crisi internazionale che sta sconvolgendo le vite di milioni di abitanti in Ucraina e dalle sue drammatiche conseguenze umanitarie! [\/vc_column_text][\/vc_column][\/vc_row][vc_row css=\u00bb.vc_custom_1642783907180{margin-top: -80px !important;padding-top: 0px !important;}\u00bb][vc_column][vc_column_text]Dar calor a las personas m\u00e1s d\u00e9biles y necesitadas. \u201cM\u00e1s calor para Navidad\u201d: as\u00ed se llama el proyecto, apoyado por la Sagrada y Militar Orden Constantiniana de San Jorge y patrocinado por la Uni\u00f3n Nacional Caballero de M\u00e9rito de la Rep\u00fablica Italiana, por la Coordinaci\u00f3n Nacional Operativa Interfuerzas para la Protecci\u00f3n de Medio Ambiente y con la ayuda de quienes quieran participar, que la asociaci\u00f3n Hope&amp;Help- Speran\u021b\u0103 \u0219i Ajutor desea implementar. En este per\u00edodo de incertidumbre, provocado sobre todo por la situaci\u00f3n internacional sin precedentes desencadenada por el conflicto Rusia-Ucrania, las personas \u201cm\u00e1s d\u00e9biles\u201d (mujeres, ancianos y ni\u00f1os) son, como siempre, las que sufren las consecuencias y, sin culpa alguna, se suman a los miles de desplazados y refugiados que lo han perdido todo, a los que no les queda m\u00e1s que su propia dignidad y la esperanza de poder volver a la normalidad. En este escenario tan doloroso, Hope&amp;Help, con la ayuda de todos ustedes, pretende llevar una sonrisa, una ayuda real, un poco de calor a estos corazones gravemente afectados. Las donaciones recaudadas se utilizar\u00e1n para: comprar gr\u00e1nulos para distribuir a los pobres para pasar el [&hellip;]<\/p>\n","protected":false},"author":1,"featured_media":0,"parent":0,"menu_order":0,"comment_status":"closed","ping_status":"closed","template":"","meta":{"footnotes":""},"class_list":["post-9483","page","type-page","status-publish","hentry"],"_links":{"self":[{"href":"https:\/\/constantinianorder.charity\/es\/wp-json\/wp\/v2\/pages\/9483"}],"collection":[{"href":"https:\/\/constantinianorder.charity\/es\/wp-json\/wp\/v2\/pages"}],"about":[{"href":"https:\/\/constantinianorder.charity\/es\/wp-json\/wp\/v2\/types\/page"}],"author":[{"embeddable":true,"href":"https:\/\/constantinianorder.charity\/es\/wp-json\/wp\/v2\/users\/1"}],"replies":[{"embeddable":true,"href":"https:\/\/constantinianorder.charity\/es\/wp-json\/wp\/v2\/comments?post=9483"}],"version-history":[{"count":6,"href":"https:\/\/constantinianorder.charity\/es\/wp-json\/wp\/v2\/pages\/9483\/revisions"}],"predecessor-version":[{"id":9979,"href":"https:\/\/constantinianorder.charity\/es\/wp-json\/wp\/v2\/pages\/9483\/revisions\/9979"}],"wp:attachment":[{"href":"https:\/\/constantinianorder.charity\/es\/wp-json\/wp\/v2\/media?parent=9483"}],"curies":[{"name":"wp","href":"https:\/\/api.w.org\/{rel}","templated":true}]}}