{"id":8965,"date":"2022-03-01T16:00:16","date_gmt":"2022-03-01T16:00:16","guid":{"rendered":"https:\/\/constantinianorder.charity\/attivita-crowdfunding-a-favore-della-popolazione-ucraina-2022\/"},"modified":"2024-10-16T16:43:05","modified_gmt":"2024-10-16T16:43:05","slug":"actividades-de-crowdfunding-para-la-poblacion-ucraniana-2022","status":"publish","type":"page","link":"https:\/\/constantinianorder.charity\/es\/actividades-de-crowdfunding-para-la-poblacion-ucraniana-2022\/","title":{"rendered":"Actividades de crowdfunding para la poblaci\u00f3n ucraniana 2022"},"content":{"rendered":"<p>[vc_row css=\u00bb.vc_custom_1642778556211{margin-top: -80px !important;margin-bottom: 0px !important;border-bottom-width: 0px !important;padding-top: 0px !important;padding-bottom: 0px !important;}\u00bb][vc_column][vc_empty_space][vc_column_text]<\/p>\n<h1 style=\"text-align: center;\"><em>Crisis humanitaria en Ucrania<\/em><\/h1>\n<h3 style=\"text-align: center;\">(Marzo &#8211; Junio 2022)<\/h3>\n<p>[\/vc_column_text][\/vc_column][\/vc_row][vc_row disable_element=\u00bbyes\u00bb css=\u00bb.vc_custom_1646314891969{margin-top: -80px !important;padding-top: 0px !important;}\u00bb][vc_column][vc_column_text]<\/p>\n<h3 style=\"text-align: center;\"><em>Sbalorditi dalla crisi internazionale che sta sconvolgendo le vite di milioni di abitanti in Ucraina e dalle sue drammatiche conseguenze umanitarie!<\/em><\/h3>\n<p>[\/vc_column_text][\/vc_column][\/vc_row][vc_row css=\u00bb.vc_custom_1642783907180{margin-top: -80px !important;padding-top: 0px !important;}\u00bb][vc_column][vc_column_text]A la luz de la crisis humanitaria en Ucrania, S.A.R. el Pr\u00edncipe Carlo de Borb\u00f3n de las Dos Sicilias, Duque de Castro, Jefe de la Casa Real y Gran Maestro de las \u00d3rdenes Din\u00e1sticas, decidi\u00f3 lanzar una recaudaci\u00f3n de fondos para la poblaci\u00f3n ucraniana, teniendo en cuenta las indicaciones del Ministerio de Asuntos Exteriores italiano y en cumplimiento de las prioridades indicadas por las autoridades ucranianas.<\/p>\n<p><span class=\"TextRun SCXW79397194 BCX0\" lang=\"ES-ES\" xml:lang=\"ES-ES\" data-contrast=\"auto\"><span class=\"NormalTextRun SCXW79397194 BCX0\">Los que deseen contribuir con una oferta, podr\u00e1n utilizar el formulario que est\u00e1 aqu\u00ed.<\/span><\/span><span class=\"EOP SCXW79397194 BCX0\" data-ccp-props=\"{&quot;201341983&quot;:0,&quot;335551550&quot;:6,&quot;335551620&quot;:6,&quot;335559739&quot;:200,&quot;335559740&quot;:276}\">\u00a0<\/span><\/p>\n<p>Los bienes adquiridos a trav\u00e9s de las donaciones recibidas ser\u00e1n entregados gracias al apoyo log\u00edstico que brinda el Ministerio de Asuntos Exteriores; lo que permitir\u00e1 que estas ayudas lleguen a las zonas de mayor necesidad.[\/vc_column_text][\/vc_column][\/vc_row][vc_row custom_background=\u00bbbg-theme\u00bb css=\u00bb.vc_custom_1642785748421{border-top-width: -80px !important;}\u00bb][vc_column][gva_block_heading title=\u00bb\u00a1UNA AYUDA CONCRETA!\u00bb style_text=\u00bbtext-light\u00bb desc=\u00bbDonec id elit non mi porta gravida at eget metus lorem ipsum dolor.\u00bb][\/gva_block_heading][vc_row_inner][vc_column_inner width=\u00bb1\/3&#8243;][gva_icon_box title=\u00bb\u00bfPARA QUI\u00c9N?\u00bb description=\u00bbA las familias y personas involucradas en la crisis humanitaria en Ucrania\u00bb icon_position=\u00bbtop-center v2&#8243; icon_width=\u00bbfa-2x\u00bb icon_border=\u00bbborder-1&#8243; icon_radius=\u00bbradius-5x\u00bb skin_text=\u00bbtext-light\u00bb icon_color=\u00bb#000&#8243; image=\u00bb8721&#8243; icon_background=\u00bb#fff\u00bb][\/vc_column_inner][vc_column_inner width=\u00bb1\/3&#8243;][gva_icon_box title=\u00bb\u00bfQU\u00c9 APORTA EL PROYECTO?\u00bb description=\u00bbCompra de bienes de primera necesidad y entrega directa en las zonas de mayor necesidad\u00bb icon_position=\u00bbtop-center v2&#8243; icon_width=\u00bbfa-2x\u00bb skin_text=\u00bbtext-light\u00bb icon_color=\u00bb#FFA600&#8243; image=\u00bb8725&#8243;][\/vc_column_inner][vc_column_inner width=\u00bb1\/3&#8243;][gva_icon_box title=\u00bb\u00bfQU\u00c9 SE DONA?\u00bb description=\u00bbBienes identificados en cumplimiento de las prioridades indicadas por las Autoridades ucranianas al Gobierno italiano\u00bb icon_position=\u00bbtop-center v2&#8243; icon_width=\u00bbfa-2x\u00bb skin_text=\u00bbtext-light\u00bb icon_color=\u00bb#FFA600&#8243; image=\u00bb8717&#8243;][\/vc_column_inner][\/vc_row_inner][\/vc_column][\/vc_row][vc_row disable_element=\u00bbyes\u00bb][vc_column][vc_column_text]<\/p>\n<h1 style=\"text-align: center;\"><span style=\"color: #ff6600;\">[give_totals ids=\u00bb8670,8683,8907,8956&#8243; message= \u00abRecaudados:\u00a0 {total}\u00bb progress_bar=\u00bbfalse\u00bb]<\/span><\/h1>\n<p>[\/vc_column_text][gva_block_heading desc=\u00bbDonec id elit non mi porta gravida at eget metus lorem ipsum dolor.\u00bb]<\/p>\n<h2 style=\"text-align: center;\"><strong>\u00a1GRACIAS!<\/strong><\/h2>\n<p>[\/gva_block_heading][\/vc_column][\/vc_row][vc_row custom_background=\u00bbbg-theme\u00bb lvca_dark_bg=\u00bbtrue\u00bb][vc_column width=\u00bb1\/3&#8243;][vc_single_image image=\u00bb9333&#8243; img_size=\u00bblarge\u00bb alignment=\u00bbcenter\u00bb css=\u00bb.vc_custom_1667837394718{padding-top: 1px !important;padding-right: 1px !important;padding-bottom: 1px !important;padding-left: 1px !important;}\u00bb][\/vc_column][vc_column width=\u00bb1\/3&#8243;][vc_single_image image=\u00bb9313&#8243; img_size=\u00bblarge\u00bb alignment=\u00bbcenter\u00bb css=\u00bb.vc_custom_1667837070233{padding-top: 1px !important;padding-right: 1px !important;padding-bottom: 1px !important;padding-left: 1px !important;}\u00bb][\/vc_column][vc_column width=\u00bb1\/3&#8243;][vc_single_image image=\u00bb9341&#8243; img_size=\u00bblarge\u00bb alignment=\u00bbcenter\u00bb css=\u00bb.vc_custom_1667838062969{padding-top: 1px !important;padding-right: 1px !important;padding-bottom: 1px !important;padding-left: 1px !important;}\u00bb][\/vc_column][\/vc_row][vc_row custom_background=\u00bbbg-theme\u00bb lvca_dark_bg=\u00bbtrue\u00bb css=\u00bb.vc_custom_1667562065441{margin-top: -130px !important;}\u00bb][vc_column width=\u00bb1\/3&#8243;][vc_single_image image=\u00bb9204&#8243; img_size=\u00bbfull\u00bb alignment=\u00bbcenter\u00bb css=\u00bb.vc_custom_1667560360295{padding-top: 1px !important;padding-right: 1px !important;padding-bottom: 1px !important;padding-left: 1px !important;}\u00bb][\/vc_column][vc_column width=\u00bb1\/3&#8243;][vc_single_image image=\u00bb9337&#8243; img_size=\u00bblarge\u00bb alignment=\u00bbcenter\u00bb css=\u00bb.vc_custom_1667837842848{padding-top: 1px !important;padding-right: 1px !important;padding-bottom: 1px !important;padding-left: 1px !important;}\u00bb][\/vc_column][vc_column width=\u00bb1\/3&#8243;][vc_single_image image=\u00bb9208&#8243; img_size=\u00bbfull\u00bb alignment=\u00bbcenter\u00bb css=\u00bb.vc_custom_1667560378519{padding-top: 1px !important;padding-right: 1px !important;padding-bottom: 1px !important;padding-left: 1px !important;}\u00bb][\/vc_column][\/vc_row][vc_row custom_background=\u00bbbg-theme\u00bb lvca_dark_bg=\u00bbtrue\u00bb css=\u00bb.vc_custom_1667562058539{margin-top: -130px !important;}\u00bb][vc_column width=\u00bb1\/3&#8243;][vc_single_image image=\u00bb9212&#8243; img_size=\u00bbfull\u00bb alignment=\u00bbcenter\u00bb css=\u00bb.vc_custom_1667560392165{padding-top: 1px !important;padding-right: 1px !important;padding-bottom: 1px !important;padding-left: 1px !important;}\u00bb][\/vc_column][vc_column width=\u00bb1\/3&#8243;][vc_single_image image=\u00bb9325&#8243; img_size=\u00bbfull\u00bb alignment=\u00bbcenter\u00bb css=\u00bb.vc_custom_1667837165190{padding-top: 1px !important;padding-right: 1px !important;padding-bottom: 1px !important;padding-left: 1px !important;}\u00bb][\/vc_column][vc_column width=\u00bb1\/3&#8243;][vc_single_image image=\u00bb9216&#8243; img_size=\u00bbfull\u00bb alignment=\u00bbcenter\u00bb css=\u00bb.vc_custom_1667560406791{padding-top: 1px !important;padding-right: 1px !important;padding-bottom: 1px !important;padding-left: 1px !important;}\u00bb][\/vc_column][\/vc_row][vc_row][vc_column width=\u00bb1\/4&#8243;][\/vc_column][vc_column width=\u00bb1\/12&#8243; offset=\u00bbvc_hidden-lg vc_hidden-md vc_hidden-sm vc_hidden-xs\u00bb][gva_block_heading title=\u00bb\u00a1Ay\u00fadanos!\u00bb icon=\u00bbgv-icon-619&#8243; align=\u00bbalign-left-2&#8243;][\/gva_block_heading][vc_column_text][give_form id=\u00bb8956&#8243;][\/vc_column_text][\/vc_column][vc_column width=\u00bb1\/4&#8243;][\/vc_column][\/vc_row]<\/p>\n","protected":false},"excerpt":{"rendered":"<p>[vc_row css=\u00bb.vc_custom_1642778556211{margin-top: -80px !important;margin-bottom: 0px !important;border-bottom-width: 0px !important;padding-top: 0px !important;padding-bottom: 0px !important;}\u00bb][vc_column][vc_empty_space][vc_column_text] Crisis humanitaria en Ucrania (Marzo &#8211; Junio 2022) [\/vc_column_text][\/vc_column][\/vc_row][vc_row disable_element=\u00bbyes\u00bb css=\u00bb.vc_custom_1646314891969{margin-top: -80px !important;padding-top: 0px !important;}\u00bb][vc_column][vc_column_text] Sbalorditi dalla crisi internazionale che sta sconvolgendo le vite di milioni di abitanti in Ucraina e dalle sue drammatiche conseguenze umanitarie! [\/vc_column_text][\/vc_column][\/vc_row][vc_row css=\u00bb.vc_custom_1642783907180{margin-top: -80px !important;padding-top: 0px !important;}\u00bb][vc_column][vc_column_text]A la luz de la crisis humanitaria en Ucrania, S.A.R. el Pr\u00edncipe Carlo de Borb\u00f3n de las Dos Sicilias, Duque de Castro, Jefe de la Casa Real y Gran Maestro de las \u00d3rdenes Din\u00e1sticas, decidi\u00f3 lanzar una recaudaci\u00f3n de fondos para la poblaci\u00f3n ucraniana, teniendo en cuenta las indicaciones del Ministerio de Asuntos Exteriores italiano y en cumplimiento de las prioridades indicadas por las autoridades ucranianas. Los que deseen contribuir con una oferta, podr\u00e1n utilizar el formulario que est\u00e1 aqu\u00ed.\u00a0 Los bienes adquiridos a trav\u00e9s de las donaciones recibidas ser\u00e1n entregados gracias al apoyo log\u00edstico que brinda el Ministerio de Asuntos Exteriores; lo que permitir\u00e1 que estas ayudas lleguen a las zonas de mayor necesidad.[\/vc_column_text][\/vc_column][\/vc_row][vc_row custom_background=\u00bbbg-theme\u00bb css=\u00bb.vc_custom_1642785748421{border-top-width: -80px !important;}\u00bb][vc_column][gva_block_heading title=\u00bb\u00a1UNA AYUDA CONCRETA!\u00bb style_text=\u00bbtext-light\u00bb desc=\u00bbDonec id elit non mi porta gravida at eget metus lorem ipsum dolor.\u00bb][\/gva_block_heading][vc_row_inner][vc_column_inner width=\u00bb1\/3&#8243;][gva_icon_box title=\u00bb\u00bfPARA QUI\u00c9N?\u00bb description=\u00bbA las familias y personas involucradas en la crisis humanitaria en Ucrania\u00bb icon_position=\u00bbtop-center v2&#8243; icon_width=\u00bbfa-2x\u00bb icon_border=\u00bbborder-1&#8243; icon_radius=\u00bbradius-5x\u00bb skin_text=\u00bbtext-light\u00bb icon_color=\u00bb#000&#8243; image=\u00bb8721&#8243; icon_background=\u00bb#fff\u00bb][\/vc_column_inner][vc_column_inner width=\u00bb1\/3&#8243;][gva_icon_box title=\u00bb\u00bfQU\u00c9 APORTA EL PROYECTO?\u00bb description=\u00bbCompra de bienes de primera necesidad y entrega directa en las zonas de mayor necesidad\u00bb icon_position=\u00bbtop-center v2&#8243; icon_width=\u00bbfa-2x\u00bb skin_text=\u00bbtext-light\u00bb icon_color=\u00bb#FFA600&#8243; image=\u00bb8725&#8243;][\/vc_column_inner][vc_column_inner width=\u00bb1\/3&#8243;][gva_icon_box title=\u00bb\u00bfQU\u00c9 SE DONA?\u00bb description=\u00bbBienes identificados en cumplimiento de las prioridades [&hellip;]<\/p>\n","protected":false},"author":1,"featured_media":0,"parent":0,"menu_order":0,"comment_status":"closed","ping_status":"closed","template":"","meta":{"footnotes":""},"class_list":["post-8965","page","type-page","status-publish","hentry"],"_links":{"self":[{"href":"https:\/\/constantinianorder.charity\/es\/wp-json\/wp\/v2\/pages\/8965"}],"collection":[{"href":"https:\/\/constantinianorder.charity\/es\/wp-json\/wp\/v2\/pages"}],"about":[{"href":"https:\/\/constantinianorder.charity\/es\/wp-json\/wp\/v2\/types\/page"}],"author":[{"embeddable":true,"href":"https:\/\/constantinianorder.charity\/es\/wp-json\/wp\/v2\/users\/1"}],"replies":[{"embeddable":true,"href":"https:\/\/constantinianorder.charity\/es\/wp-json\/wp\/v2\/comments?post=8965"}],"version-history":[{"count":17,"href":"https:\/\/constantinianorder.charity\/es\/wp-json\/wp\/v2\/pages\/8965\/revisions"}],"predecessor-version":[{"id":9983,"href":"https:\/\/constantinianorder.charity\/es\/wp-json\/wp\/v2\/pages\/8965\/revisions\/9983"}],"wp:attachment":[{"href":"https:\/\/constantinianorder.charity\/es\/wp-json\/wp\/v2\/media?parent=8965"}],"curies":[{"name":"wp","href":"https:\/\/api.w.org\/{rel}","templated":true}]}}