{"id":8639,"date":"2022-03-11T17:41:07","date_gmt":"2022-03-11T17:41:07","guid":{"rendered":"https:\/\/constantinianorder.charity\/?page_id=8639"},"modified":"2025-07-16T10:20:41","modified_gmt":"2025-07-16T10:20:41","slug":"quienes-somos","status":"publish","type":"page","link":"https:\/\/constantinianorder.charity\/es\/quienes-somos\/","title":{"rendered":"QUIENES SOMOS"},"content":{"rendered":"<p>[vc_row][vc_column][vc_column_text css_animation=\u00bbfadeIn\u00bb]<\/p>\n<h2><span class=\"TextRun SCXW71710075 BCX0\" lang=\"ES-ES\" xml:lang=\"ES-ES\" data-contrast=\"auto\"><span class=\"NormalTextRun SCXW71710075 BCX0\">QUIENES SOMOS<\/span><\/span><span class=\"EOP SCXW71710075 BCX0\" data-ccp-props=\"{&quot;201341983&quot;:0,&quot;335551550&quot;:6,&quot;335551620&quot;:6,&quot;335559739&quot;:0,&quot;335559740&quot;:240}\">\u00a0<\/span><\/h2>\n<p>La <strong>FUNDACI\u00d3N DE LA ORDEN CONSTANTINIANA CARIDAD ETS<\/strong> se estableci\u00f3 por S.A.R. el Pr\u00edncipe Carlo de Borb\u00f3n de las Dos Sicilias, como Gran Maestro de la Sagrada Orden Militar Constantiniana de San Jorge, con la intenci\u00f3n de promover la creaci\u00f3n de un fondo destinado a fines de utilidad p\u00fablica y solidaridad social, y en particular para actividades de Beneficencia y Asistencia Hospitalaria y Social referentes a situaciones urgentes de necesidad.<\/p>\n<p>Raz\u00f3n social: <strong>FONDAZIONE ORDINE COSTANTINIANO CHARITY ETS<\/strong><br \/>\nForma jur\u00eddica: FONDAZIONE ETS<br \/>\nC\u00f3digo fiscal: 96610180588<br \/>\nSede social: VIA GIOSUE&#8217; CARDUCCI, 4 &#8211; 00187 ROMA<br \/>\nN\u00famero de registro R.U.N.T.S. LAZIO Rep. 145632<\/p>\n<p>La <strong>SAGRADA ORDEN MILITAR CONSTANTINIANA DE SAN JORGE<\/strong> con sede de su Canciller\u00eda en Roma, v\u00eda Giosu\u00e8 Carducci n.4 con CF n.97109670584 es una Orden Ecuestre cuyos or\u00edgenes, por tradici\u00f3n, se remontan al Emperador Constantino, tras la aparici\u00f3n de la Croce a Saxa Rubra (27 de octubre de 312 d. C.), por lo que se considera una de las \u00f3rdenes de caballer\u00eda m\u00e1s antiguas.<\/p>\n<p>El Estado italiano ha reconocido formalmente la legitimidad de la Orden y, desde 1963, ha autorizado a los ciudadanos italianos a portar las decoraciones otorgadas por la Orden seg\u00fan el art. 7 de la Ley 178 del 3 de marzo de 1951. La Orden tambi\u00e9n est\u00e1 inscrita en la Canciller\u00eda del Tribunal de N\u00e1poles en el registro de personas jur\u00eddicas.<\/p>\n<p>Los Caballeros de la Orden pueden formar parte de la Asociaci\u00f3n Nacional Italiana de los Caballeros Constantinianos (A.N.C.C.I.), establecida como una organizaci\u00f3n sin fines de lucro con un decreto del Presidente de la Rep\u00fablica del 30 de marzo de 1973.<\/p>\n<p>Desde el 1 de agosto de 2011, la Orden Constantiniana goza de estatus consultivo especial en el Consejo Econ\u00f3mico y Social de la Organizaci\u00f3n de las Naciones Unidas (ECOSOC-ONU).<\/p>\n<p>La Orden, adapt\u00e1ndose a los tiempos, se propone tambi\u00e9n dar su mayor aportaci\u00f3n de acci\u00f3n y actividad a la Atenci\u00f3n Hospitalaria y a la Beneficencia. Para ello y en la gesti\u00f3n de las donaciones y desembolsos recibidos para la realizaci\u00f3n de sus propias actividades ben\u00e9ficas, se vale de la Orden Constantiniana Charity Onlus.<\/p>\n<p>La Sagrada Orden Militar Constantiniana de San Jorge es tambi\u00e9n una Orden Din\u00e1stica propiedad de la Familia Real de Borb\u00f3n de las Dos Sicilias que actualmente est\u00e1 encabezada por S.A.R. el Pr\u00edncipe Carlo de Borb\u00f3n de las Dos Sicilias que tambi\u00e9n ocupa el cargo de Gran Maestro de la Orden y Guardi\u00e1n\/Protector de la Charity Onlus.[\/vc_column_text][\/vc_column][\/vc_row]<\/p>\n","protected":false},"excerpt":{"rendered":"<p>[vc_row][vc_column][vc_column_text css_animation=\u00bbfadeIn\u00bb] QUIENES SOMOS\u00a0 La FUNDACI\u00d3N DE LA ORDEN CONSTANTINIANA CARIDAD ETS se estableci\u00f3 por S.A.R. el Pr\u00edncipe Carlo de Borb\u00f3n de las Dos Sicilias, como Gran Maestro de la Sagrada Orden Militar Constantiniana de San Jorge, con la intenci\u00f3n de promover la creaci\u00f3n de un fondo destinado a fines de utilidad p\u00fablica y solidaridad social, y en particular para actividades de Beneficencia y Asistencia Hospitalaria y Social referentes a situaciones urgentes de necesidad. Raz\u00f3n social: FONDAZIONE ORDINE COSTANTINIANO CHARITY ETS Forma jur\u00eddica: FONDAZIONE ETS C\u00f3digo fiscal: 96610180588 Sede social: VIA GIOSUE&#8217; CARDUCCI, 4 &#8211; 00187 ROMA N\u00famero de registro R.U.N.T.S. LAZIO Rep. 145632 La SAGRADA ORDEN MILITAR CONSTANTINIANA DE SAN JORGE con sede de su Canciller\u00eda en Roma, v\u00eda Giosu\u00e8 Carducci n.4 con CF n.97109670584 es una Orden Ecuestre cuyos or\u00edgenes, por tradici\u00f3n, se remontan al Emperador Constantino, tras la aparici\u00f3n de la Croce a Saxa Rubra (27 de octubre de 312 d. C.), por lo que se considera una de las \u00f3rdenes de caballer\u00eda m\u00e1s antiguas. El Estado italiano ha reconocido formalmente la legitimidad de la Orden y, desde 1963, ha autorizado a los ciudadanos italianos a portar las decoraciones otorgadas por la Orden seg\u00fan el art. 7 de la Ley 178 del 3 de marzo de 1951. La Orden tambi\u00e9n est\u00e1 inscrita en la Canciller\u00eda del Tribunal de N\u00e1poles en el registro de personas jur\u00eddicas. Los Caballeros de la Orden pueden formar parte de la Asociaci\u00f3n Nacional Italiana de los Caballeros Constantinianos (A.N.C.C.I.), establecida como una organizaci\u00f3n [&hellip;]<\/p>\n","protected":false},"author":1,"featured_media":0,"parent":0,"menu_order":0,"comment_status":"closed","ping_status":"closed","template":"","meta":{"footnotes":""},"class_list":["post-8639","page","type-page","status-publish","hentry"],"_links":{"self":[{"href":"https:\/\/constantinianorder.charity\/es\/wp-json\/wp\/v2\/pages\/8639"}],"collection":[{"href":"https:\/\/constantinianorder.charity\/es\/wp-json\/wp\/v2\/pages"}],"about":[{"href":"https:\/\/constantinianorder.charity\/es\/wp-json\/wp\/v2\/types\/page"}],"author":[{"embeddable":true,"href":"https:\/\/constantinianorder.charity\/es\/wp-json\/wp\/v2\/users\/1"}],"replies":[{"embeddable":true,"href":"https:\/\/constantinianorder.charity\/es\/wp-json\/wp\/v2\/comments?post=8639"}],"version-history":[{"count":5,"href":"https:\/\/constantinianorder.charity\/es\/wp-json\/wp\/v2\/pages\/8639\/revisions"}],"predecessor-version":[{"id":10124,"href":"https:\/\/constantinianorder.charity\/es\/wp-json\/wp\/v2\/pages\/8639\/revisions\/10124"}],"wp:attachment":[{"href":"https:\/\/constantinianorder.charity\/es\/wp-json\/wp\/v2\/media?parent=8639"}],"curies":[{"name":"wp","href":"https:\/\/api.w.org\/{rel}","templated":true}]}}