{"id":5097,"date":"2020-03-20T13:45:04","date_gmt":"2020-03-20T13:45:04","guid":{"rendered":"https:\/\/constantinianorder.charity\/politique-de-confidentialite\/"},"modified":"2022-11-15T09:16:15","modified_gmt":"2022-11-15T09:16:15","slug":"politica-de-privacidad","status":"publish","type":"page","link":"https:\/\/constantinianorder.charity\/es\/politica-de-privacidad\/","title":{"rendered":"Pol\u00edtica de privacidad"},"content":{"rendered":"<p>[vc_row][vc_column][vc_column_text]<\/p>\n<h2><strong>Declaraci\u00f3n de privacidad<\/strong><\/h2>\n<p><strong>Informaci\u00f3n de conformidad con el art\u00edculo 13 del reglamento de la UE no. 2016\/679<\/strong><\/p>\n<p>De conformidad con el art. 13 del Reglamento de la UE no. 2016\/679 (en adelante \u00abGDPR 2016\/679\u00bb), que contiene disposiciones de protecci\u00f3n de datos, le informamos que los datos personales que proporcione se procesar\u00e1n de acuerdo con la legislaci\u00f3n mencionada anteriormente y se basar\u00e1n en los principios de legalidad, correcci\u00f3n, transparencia, limitaci\u00f3n y conservaci\u00f3n de prop\u00f3sitos, minimizaci\u00f3n de datos, precisi\u00f3n, integridad y confidencialidad.<\/p>\n<p><strong>Propietario de procesamiento<\/strong><\/p>\n<p>El responsable del tratamiento es la orden Constantinian Charity Onlus Order (n\u00famero de IVA: 97936950589), cuyo domicilio social se encuentra en Roma, viale Giosu\u00e9 Carducci n. 4)<\/p>\n<p><strong>Datos personales procesados<\/strong><\/p>\n<p>Los datos personales, es decir, cualquier informaci\u00f3n relacionada con su identificaci\u00f3n y \/ o identificabilidad, son los siguientes: apellido, nombre, direcci\u00f3n de residencia, direcci\u00f3n de correo electr\u00f3nico, c\u00f3digo fiscal, n\u00famero de IVA, n\u00famero de tel\u00e9fono.<\/p>\n<p><strong>Prop\u00f3sito y base legal del procesamiento.<\/strong><\/p>\n<p>Los datos personales que proporcione se utilizan para la venta de libros electr\u00f3nicos y para el env\u00edo de libros en formato papel, as\u00ed como para la prestaci\u00f3n del servicio de cursos de capacitaci\u00f3n en l\u00ednea. La base legal para el procesamiento se encuentra en el contexto contractual o precontractual.<\/p>\n<p><strong>Suministro opcional de datos<\/strong><\/p>\n<p>Se especifica que es libre de proporcionar sus datos personales. No proporcionarlos solo puede hacer que sea imposible obtener el servicio \/ producto solicitado.<\/p>\n<p><strong>\u00a0M\u00e9todos de procesamiento y medidas de seguridad.<\/strong><\/p>\n<p>El procesamiento se lleva a cabo de forma autom\u00e1tica y \/ o manual, de conformidad con lo dispuesto en el art. 32 del RGPD 2016\/679 y se procesan de manera legal y correcta, adoptando medidas de seguridad apropiadas para evitar el acceso no autorizado, divulgaci\u00f3n, modificaci\u00f3n o destrucci\u00f3n de datos. En particular, como ejemplo, este sitio adopta un sistema HTTPS con certificaci\u00f3n SSL para el dominio.<\/p>\n<p><strong>Alcance de la comunicaci\u00f3n y difusi\u00f3n.<\/strong><\/p>\n<p>Tambi\u00e9n le informamos que los datos recopilados nunca se divulgar\u00e1n y no se divulgar\u00e1n sin su consentimiento expreso, con la excepci\u00f3n de las comunicaciones necesarias que pueden implicar la transferencia de datos a organismos p\u00fablicos, consultores u otros sujetos para el cumplimiento de obligaciones legales.<\/p>\n<p><strong>Retenci\u00f3n de datos<\/strong><\/p>\n<p>El controlador procesar\u00e1 sus datos personales durante el tiempo estrictamente necesario para lograr los prop\u00f3sitos indicados en los prop\u00f3sitos y por un per\u00edodo m\u00e1ximo de diez a\u00f1os, a menos que la ley lo extienda.<\/p>\n<p><strong>Transferencia de datos personales.<\/strong><\/p>\n<p>Sus datos no ser\u00e1n transferidos a terceros pa\u00edses fuera de la Uni\u00f3n Europea.<\/p>\n<p><strong>Derechos del interesado<\/strong><\/p>\n<p>En cualquier momento, puede ejercer, de conformidad con los art\u00edculos 15 a 22 del Reglamento de la UE no. 2016\/679, el derecho a:<\/p>\n<ol>\n<li><strong>acceso<\/strong>, solicitud de confirmaci\u00f3n de la existencia o no del procesamiento de datos personales, obteniendo indicaciones sobre los prop\u00f3sitos del procesamiento, las categor\u00edas de datos personales, los destinatarios o las categor\u00edas de destinatarios a quienes los datos personales han sido o ser\u00e1n comunicado y, si es posible, el per\u00edodo de retenci\u00f3n;<\/li>\n<li><strong>correcci\u00f3n y eliminaci\u00f3n<\/strong> de datos;<\/li>\n<li><strong>limitaci\u00f3n del procesamiento<\/strong>;<\/li>\n<li><strong>portabilidad de datos<\/strong>, es decir, recibirlos de un controlador de datos en un formato estructurado, com\u00fanmente utilizado y legible por un dispositivo autom\u00e1tico, y transmitirlos a otro controlador de datos sin obst\u00e1culos;<\/li>\n<li><strong>oposici\u00f3n al procesamiento<\/strong> en cualquier momento y tambi\u00e9n en el caso de procesamiento con fines de marketing directo, as\u00ed como con respecto a un proceso automatizado de toma de decisiones sobre personas f\u00edsicas, incluida la elaboraci\u00f3n de perfiles;<\/li>\n<li><strong>retirar el consentimiento<\/strong> en cualquier momento sin perjuicio de la legalidad del procesamiento sobre la base del consentimiento otorgado antes de la revocaci\u00f3n;<\/li>\n<li><strong>proponer una queja<\/strong> a una autoridad supervisora.<\/li>\n<\/ol>\n<p>&nbsp;<\/p>\n<p>Para este fin, puede ejercer sus derechos con una solicitud por escrito enviada a la direcci\u00f3n de correo electr\u00f3nico cancelleria@ordine-costantiniano.it<\/p>\n<p>Nos encargaremos de responder a su solicitud dentro de un mes de haberla recibido; Este per\u00edodo puede extenderse por dos meses adicionales en caso de una complejidad particular y el n\u00famero de solicitudes.<\/p>\n<p><em>En caso de incumplimiento de la solicitud, puede presentar una queja ante la Autoridad de Supervisi\u00f3n (garante de la confidencialidad) de conformidad con el art. 77 Reg. UE 679\/2019 y presentar un recurso legal de conformidad con el art. 79 Reglamento de la UE 679\/2019.<\/em>[\/vc_column_text][\/vc_column][\/vc_row]<\/p>\n","protected":false},"excerpt":{"rendered":"<p>[vc_row][vc_column][vc_column_text] Declaraci\u00f3n de privacidad Informaci\u00f3n de conformidad con el art\u00edculo 13 del reglamento de la UE no. 2016\/679 De conformidad con el art. 13 del Reglamento de la UE no. 2016\/679 (en adelante \u00abGDPR 2016\/679\u00bb), que contiene disposiciones de protecci\u00f3n de datos, le informamos que los datos personales que proporcione se procesar\u00e1n de acuerdo con la legislaci\u00f3n mencionada anteriormente y se basar\u00e1n en los principios de legalidad, correcci\u00f3n, transparencia, limitaci\u00f3n y conservaci\u00f3n de prop\u00f3sitos, minimizaci\u00f3n de datos, precisi\u00f3n, integridad y confidencialidad. Propietario de procesamiento El responsable del tratamiento es la orden Constantinian Charity Onlus Order (n\u00famero de IVA: 97936950589), cuyo domicilio social se encuentra en Roma, viale Giosu\u00e9 Carducci n. 4) Datos personales procesados Los datos personales, es decir, cualquier informaci\u00f3n relacionada con su identificaci\u00f3n y \/ o identificabilidad, son los siguientes: apellido, nombre, direcci\u00f3n de residencia, direcci\u00f3n de correo electr\u00f3nico, c\u00f3digo fiscal, n\u00famero de IVA, n\u00famero de tel\u00e9fono. Prop\u00f3sito y base legal del procesamiento. Los datos personales que proporcione se utilizan para la venta de libros electr\u00f3nicos y para el env\u00edo de libros en formato papel, as\u00ed como para la prestaci\u00f3n del servicio de cursos de capacitaci\u00f3n en l\u00ednea. La base legal para el procesamiento se encuentra en el contexto contractual o precontractual. Suministro opcional de datos Se especifica que es libre de proporcionar sus datos personales. No proporcionarlos solo puede hacer que sea imposible obtener el servicio \/ producto solicitado. \u00a0M\u00e9todos de procesamiento y medidas de seguridad. El procesamiento se lleva a cabo de forma autom\u00e1tica y \/ [&hellip;]<\/p>\n","protected":false},"author":1,"featured_media":0,"parent":0,"menu_order":0,"comment_status":"closed","ping_status":"closed","template":"","meta":{"footnotes":""},"class_list":["post-5097","page","type-page","status-publish","hentry"],"_links":{"self":[{"href":"https:\/\/constantinianorder.charity\/es\/wp-json\/wp\/v2\/pages\/5097"}],"collection":[{"href":"https:\/\/constantinianorder.charity\/es\/wp-json\/wp\/v2\/pages"}],"about":[{"href":"https:\/\/constantinianorder.charity\/es\/wp-json\/wp\/v2\/types\/page"}],"author":[{"embeddable":true,"href":"https:\/\/constantinianorder.charity\/es\/wp-json\/wp\/v2\/users\/1"}],"replies":[{"embeddable":true,"href":"https:\/\/constantinianorder.charity\/es\/wp-json\/wp\/v2\/comments?post=5097"}],"version-history":[{"count":3,"href":"https:\/\/constantinianorder.charity\/es\/wp-json\/wp\/v2\/pages\/5097\/revisions"}],"predecessor-version":[{"id":5100,"href":"https:\/\/constantinianorder.charity\/es\/wp-json\/wp\/v2\/pages\/5097\/revisions\/5100"}],"wp:attachment":[{"href":"https:\/\/constantinianorder.charity\/es\/wp-json\/wp\/v2\/media?parent=5097"}],"curies":[{"name":"wp","href":"https:\/\/api.w.org\/{rel}","templated":true}]}}