{"id":4806,"date":"2020-03-18T15:56:34","date_gmt":"2020-03-18T15:56:34","guid":{"rendered":"https:\/\/constantinianorder.charity\/mission\/"},"modified":"2020-03-23T12:22:04","modified_gmt":"2020-03-23T12:22:04","slug":"mission","status":"publish","type":"page","link":"https:\/\/constantinianorder.charity\/es\/mission\/","title":{"rendered":"Mission"},"content":{"rendered":"<p>[vc_row][vc_column][vc_column_text css_animation=\u00bbfadeIn\u00bb]<\/p>\n<h2>MISSION<\/h2>\n<p>El dif\u00edcil contexto econ\u00f3mico en el que vivimos est\u00e1 afectando y limitando el desarrollo econ\u00f3mico en muchos pa\u00edses del mundo, incluida Italia. Est\u00e1 empeorando los trastornos sociales ya existentes y las dificultades econ\u00f3micas de las personas, familias y grupos sociales.<\/p>\n<p>Por eso los Estados no logran encontrar los recursos financieros para responder a estas urgencias. La intervenci\u00f3n milagrosa de los que financian el trabajo de los voluntario en el mundo est\u00e1 causando la transici\u00f3n del Estado Welfare a la as\u00ed dicha Sociedad Welfare.<\/p>\n<p>El legislador italiano, tomando nota de este proceso de transformaci\u00f3n en 2018, aprob\u00f3 la reforma de las Organizaciones sin fines de lucro con la adopci\u00f3n del Texto Unico del Sector Terciario (D.Lgs. 3 julio n.117 2017) que introduce muchas novedades que exaltan y recompensan las Organizaciones virtuosas y sus inversores.<\/p>\n<p>Esta reforma entrar\u00e1 en vigor en 2019 y las nuevas normas ya entraron en vigor en 2018 con la introduci\u00f3n de nuevas reducciones fiscales para los donantes.<\/p>\n<p>Para los pagos efectuados por las personas f\u00edsicas se prev\u00e9 una exenci\u00f3n fiscal de 30% hasta un importe m\u00e1ximo de Euros 30.000,00 anuales.<\/p>\n<p>Esta reducci\u00f3n no es acumulable con otras reducciones y depende de las formas de realizar el pago, que debe realizarse en el banco y la oficina postal para asegurar la trazabilidad.<\/p>\n<p>La Sagrada Orden Militar y Constantiniana de San Jorge, aunque mantenga sus valores seculares, est\u00e1 siempre lista para adaptarse a la modernidad para que se pueda potenciar la acci\u00f3n de la Orden misma y de los Caballeros.<\/p>\n<p>Poe eso naci\u00f3 el Ordine Costantiniano Charity Onlus, con el objectivo de adaptar las actividades ben\u00e9ficas de la Orden a los nuevos requisitos reglamentarios.<\/p>\n<p>El nuevo \u00f3rgano, organizado seg\u00fan los dictados internacionales modernos, ser\u00e1 la rama ejecutiva de las actividades ben\u00e9ficas de la Orden Constantiniana. Ser\u00e1 dirigido por S.A.R. la Princesa Beatriz de Borb\u00f3n de las Dos Sicilias, Gran Prefecto, que ser\u00e1 apoyada por unos profesionales, bajo la supervisi\u00f3n del Gran Maestro.<\/p>\n<p>Para apoyar todas las iniciativas ben\u00e9ficas de la Sagrada Orden Militar y Constantiniana de San Jorge para 2020, los Caballeros tienen que realizar la transferencia para su donaci\u00f3n a:<\/p>\n<p><strong>ORDINE COSTANTINIANO CHARITY ONLUS<\/strong><\/p>\n<p>C\u00f3digo fiscal y n\u00famero en el registro Onlus de la regi\u00f3n Lazio: 97936950589<\/p>\n<p>Sede social: via Giosu\u00e8 Carducci n.4 \u2013 00187 Roma<\/p>\n<p>Aqu\u00ed los <strong>datos bancarios<\/strong>:<\/p>\n<ul>\n<li>Banco: Banca Generali<\/li>\n<li>IBAN: IT 98 K 03075 02200 CC8500837025<\/li>\n<li>Swift\/BIC: BGENIT2T<\/li>\n<\/ul>\n<p>Al final del a\u00f1o cada Caballero recibir\u00e1 el recibo para los pagos efectuados en 2020 para poder disfrutar de las reducciones fiscales descritas anteriormente.<\/p>\n<p>La administraci\u00f3n y la Canciller\u00eda de la Orden Constantiniana est\u00e1n a disposici\u00f3n para m\u00e1s informaciones y dudas.[\/vc_column_text][\/vc_column][\/vc_row]<\/p>\n","protected":false},"excerpt":{"rendered":"<p>[vc_row][vc_column][vc_column_text css_animation=\u00bbfadeIn\u00bb] MISSION El dif\u00edcil contexto econ\u00f3mico en el que vivimos est\u00e1 afectando y limitando el desarrollo econ\u00f3mico en muchos pa\u00edses del mundo, incluida Italia. Est\u00e1 empeorando los trastornos sociales ya existentes y las dificultades econ\u00f3micas de las personas, familias y grupos sociales. Por eso los Estados no logran encontrar los recursos financieros para responder a estas urgencias. La intervenci\u00f3n milagrosa de los que financian el trabajo de los voluntario en el mundo est\u00e1 causando la transici\u00f3n del Estado Welfare a la as\u00ed dicha Sociedad Welfare. El legislador italiano, tomando nota de este proceso de transformaci\u00f3n en 2018, aprob\u00f3 la reforma de las Organizaciones sin fines de lucro con la adopci\u00f3n del Texto Unico del Sector Terciario (D.Lgs. 3 julio n.117 2017) que introduce muchas novedades que exaltan y recompensan las Organizaciones virtuosas y sus inversores. Esta reforma entrar\u00e1 en vigor en 2019 y las nuevas normas ya entraron en vigor en 2018 con la introduci\u00f3n de nuevas reducciones fiscales para los donantes. Para los pagos efectuados por las personas f\u00edsicas se prev\u00e9 una exenci\u00f3n fiscal de 30% hasta un importe m\u00e1ximo de Euros 30.000,00 anuales. Esta reducci\u00f3n no es acumulable con otras reducciones y depende de las formas de realizar el pago, que debe realizarse en el banco y la oficina postal para asegurar la trazabilidad. La Sagrada Orden Militar y Constantiniana de San Jorge, aunque mantenga sus valores seculares, est\u00e1 siempre lista para adaptarse a la modernidad para que se pueda potenciar la acci\u00f3n de la Orden misma [&hellip;]<\/p>\n","protected":false},"author":1,"featured_media":0,"parent":0,"menu_order":0,"comment_status":"closed","ping_status":"closed","template":"","meta":{"footnotes":""},"class_list":["post-4806","page","type-page","status-publish","hentry"],"_links":{"self":[{"href":"https:\/\/constantinianorder.charity\/es\/wp-json\/wp\/v2\/pages\/4806"}],"collection":[{"href":"https:\/\/constantinianorder.charity\/es\/wp-json\/wp\/v2\/pages"}],"about":[{"href":"https:\/\/constantinianorder.charity\/es\/wp-json\/wp\/v2\/types\/page"}],"author":[{"embeddable":true,"href":"https:\/\/constantinianorder.charity\/es\/wp-json\/wp\/v2\/users\/1"}],"replies":[{"embeddable":true,"href":"https:\/\/constantinianorder.charity\/es\/wp-json\/wp\/v2\/comments?post=4806"}],"version-history":[{"count":2,"href":"https:\/\/constantinianorder.charity\/es\/wp-json\/wp\/v2\/pages\/4806\/revisions"}],"predecessor-version":[{"id":4810,"href":"https:\/\/constantinianorder.charity\/es\/wp-json\/wp\/v2\/pages\/4806\/revisions\/4810"}],"wp:attachment":[{"href":"https:\/\/constantinianorder.charity\/es\/wp-json\/wp\/v2\/media?parent=4806"}],"curies":[{"name":"wp","href":"https:\/\/api.w.org\/{rel}","templated":true}]}}